{"id":1005,"date":"2023-07-10T22:21:11","date_gmt":"2023-07-10T19:21:11","guid":{"rendered":"https:\/\/cardboard-expert.com\/?post_type=product&#038;p=1005"},"modified":"2023-07-10T22:18:10","modified_gmt":"2023-07-10T19:18:10","slug":"ekologisk-livsmedelsforpackningar","status":"publish","type":"product","link":"https:\/\/cardboard-expert.com\/sv\/product\/ekologisk-livsmedelsforpackningar\/","title":{"rendered":"Ekologisk livsmedelsf\u00f6rpackningar"},"content":{"rendered":"<p>Reduce. Reuse. Recycle. Upprepa.<\/p>\n<p>Folk k\u00f6per mycket saker som inte alltid \u00e4r n\u00f6dv\u00e4ndiga f\u00f6r dem. Det har aldrig varit s\u00e5 l\u00e4tt \u2013 du kan g\u00f6ra ink\u00f6p medan du sitter i din soffa. Konsumtion har blivit n\u00e5got slags besatthet. Ibland l\u00e4ggs sakerna vi k\u00f6per p\u00e5 h\u00f6g i rummet bredvid. \u00c4r det verkligen v\u00e4rt det? \u00c4r det s\u00e5 vi tar hand om v\u00e5r planet?<br \/>\nAlla produkter kommer i l\u00e5dor. Som ett exempel \u2013 m\u00e4nskligheten k\u00f6per h\u00e4mtmat \u00f6ver hela v\u00e4rlden varje dag. Om alla l\u00e5dorna var tillverkade utav icke-h\u00e5llbara material \u2013 f\u00f6rest\u00e4ll dig m\u00e4ngden avfall det skulle producera. H\u00e5llbara matf\u00f6rpackningsl\u00f6sningar har d\u00e4rf\u00f6r aldrig varit s\u00e5 relevant. <\/p>\n<p>Milj\u00f6v\u00e4nlig matf\u00f6rpackning med stil<br \/>\nKartong \u00e4r perfekt f\u00f6r att producera h\u00e5llbara matf\u00f6rpackningar. Det \u00e4r tillverkat av f\u00f6rnyelsebara r\u00e5material och l\u00e4mnar p\u00e5 s\u00e5 s\u00e4tt det ekologisk fotavtrycket i balans.<br \/>\n&#8211; \u00c5tervunna matf\u00f6rpackningar i kartong kan \u00e5teranv\u00e4ndas. Sida vid sida med papper \u00e4r det den mest \u00e5teranv\u00e4nda produkten. Enligt den senaste forskningen av Graz University of Technology i \u00d6sterrike kan en kartong \u00e5teranv\u00e4ndas 25 g\u00e5nger utan att f\u00f6rlora sina egenskaper.<br \/>\n&#8211; Milj\u00f6v\u00e4nliga matf\u00f6rpackningar marknadsf\u00f6r h\u00e4lsosamma matvanor. Jordiga och naturliga f\u00e4rger p\u00e5verkar v\u00e5rt val och utan att vi vet ordet av det har vi k\u00f6pt den d\u00e4r salladen, och inte pommes.<br \/>\n&#8211; Eng\u00e5ngsl\u00e5dor f\u00f6r mat i kartong \u00e4r inte bara bra f\u00f6r v\u00e5r planet, de \u00e4r ocks\u00e5 stilrena och praktiska att anv\u00e4nda.<br \/>\n&#8211; \u00c5tervunna matf\u00f6rpackningar i papper kommer att brytas ned snabbt. Vanligtvis tar det upp till tre m\u00e5nader f\u00f6r dem att helt \u2018f\u00f6rsvinna\u2019 fr\u00e5n jordens yta. <\/p>\n<p>Cardboard Experts f\u00f6rslag<\/p>\n<p>Medan vi har den betydande och v\u00e4xande populariteten hos \u00e5tervinnbara matf\u00f6rpackningar i \u00e5tanke, presenterar vi tekniker som kan vara till f\u00f6rdel f\u00f6r ditt f\u00f6retag.<br \/>\nIbland \u00e4r inte kartong tillr\u00e4ckligt motst\u00e5ndskraftig f\u00f6r att h\u00e5lla f\u00f6rpackningen ren fr\u00e5n fet och rinnig mat. I s\u00e5dana fall \u00e4r den ofta laminerad med en tunn plastfilm. Detta g\u00f6r tyv\u00e4rr att f\u00f6rpackningen inte \u00e4r l\u00e4mplig f\u00f6r \u00e5tervinning.<br \/>\nVi f\u00f6resl\u00e5r att applicera en special ytbehandling som fungerar som en fuktbarri\u00e4r och \u00e4r s\u00e4ker f\u00f6r mat. Dessutom \u00e4r den givna tekniken mer kostnadseffektiv \u00e4n den som \u00e4r standard.<br \/>\nBiologiskt nedbrytbara matf\u00f6rpackningar har aldrig varit s\u00e5 f\u00f6rdelaktiga!<\/p>\n","protected":false},"excerpt":{"rendered":"<p>Ekologisk livsmedelsf\u00f6rpackning fr\u00e5n wellpapp med anpassat tryck i massproduktion fr\u00e5n tillverkaren &#8211; F\u00f6rpackningsproduktionsf\u00f6retaget Cardboard Expert<\/p>\n","protected":false},"featured_media":3873,"template":"","meta":[],"product_brand":[],"product_cat":[381],"product_tag":[],"class_list":{"0":"post-1005","1":"product","2":"type-product","3":"status-publish","4":"has-post-thumbnail","6":"product_cat-uncategorized","8":"first","9":"onbackorder","10":"product-type-simple"},"yoast_head":"<!-- This site is optimized with the Yoast SEO plugin v27.3 - https:\/\/yoast.com\/product\/yoast-seo-wordpress\/ -->\n<title>Ekologisk livsmedelsf\u00f6rpackningar - Packaging production company Cardboard Expert<\/title>\n<meta name=\"description\" content=\"Ekologisk livsmedelsf\u00f6rpackning fr\u00e5n wellpapp med anpassat tryck i massproduktion fr\u00e5n tillverkaren - F\u00f6rpackningsproduktionsf\u00f6retaget Cardboard Expert\" \/>\n<meta name=\"robots\" content=\"noindex, follow, max-snippet:-1, max-image-preview:large, max-video-preview:-1\" \/>\n<meta property=\"og:locale\" content=\"sv_SE\" \/>\n<meta property=\"og:type\" content=\"article\" \/>\n<meta property=\"og:title\" content=\"Ekologisk livsmedelsf\u00f6rpackningar - Packaging production company Cardboard Expert\" \/>\n<meta property=\"og:description\" content=\"Ekologisk livsmedelsf\u00f6rpackning fr\u00e5n wellpapp med anpassat tryck i massproduktion fr\u00e5n tillverkaren - F\u00f6rpackningsproduktionsf\u00f6retaget Cardboard Expert\" \/>\n<meta property=\"og:url\" content=\"https:\/\/cardboard-expert.com\/sv\/product\/ekologisk-livsmedelsforpackningar\/\" \/>\n<meta property=\"og:site_name\" content=\"cardboard-expert.com\" \/>\n<meta property=\"article:publisher\" content=\"https:\/\/www.facebook.com\/packexpertou\" \/>\n<meta property=\"og:image\" content=\"https:\/\/cardboard-expert.com\/wp-content\/uploads\/2023\/07\/eco-friendly-food-boxes.webp\" \/>\n\t<meta property=\"og:image:width\" content=\"1918\" \/>\n\t<meta property=\"og:image:height\" content=\"1250\" \/>\n\t<meta property=\"og:image:type\" content=\"image\/webp\" \/>\n<meta name=\"twitter:card\" content=\"summary_large_image\" \/>\n<meta name=\"twitter:title\" content=\"Ekologisk livsmedelsf\u00f6rpackningar - Packaging production company Cardboard Expert\" \/>\n<meta name=\"twitter:label1\" content=\"Ber\u00e4knad l\u00e4stid\" \/>\n\t<meta name=\"twitter:data1\" content=\"2 minuter\" \/>\n<script type=\"application\/ld+json\" class=\"yoast-schema-graph\">{\"@context\":\"https:\\\/\\\/schema.org\",\"@graph\":[{\"@type\":\"WebPage\",\"@id\":\"https:\\\/\\\/cardboard-expert.com\\\/sv\\\/product\\\/ekologisk-livsmedelsforpackningar\\\/\",\"url\":\"https:\\\/\\\/cardboard-expert.com\\\/sv\\\/product\\\/ekologisk-livsmedelsforpackningar\\\/\",\"name\":\"Ekologisk livsmedelsf\u00f6rpackningar - Packaging production company Cardboard Expert\",\"isPartOf\":{\"@id\":\"https:\\\/\\\/cardboard-expert.com\\\/sv\\\/#website\"},\"primaryImageOfPage\":{\"@id\":\"https:\\\/\\\/cardboard-expert.com\\\/sv\\\/product\\\/ekologisk-livsmedelsforpackningar\\\/#primaryimage\"},\"image\":{\"@id\":\"https:\\\/\\\/cardboard-expert.com\\\/sv\\\/product\\\/ekologisk-livsmedelsforpackningar\\\/#primaryimage\"},\"thumbnailUrl\":\"https:\\\/\\\/cardboard-expert.com\\\/wp-content\\\/uploads\\\/2023\\\/07\\\/eco-friendly-food-boxes.webp\",\"datePublished\":\"2023-07-10T19:21:11+00:00\",\"description\":\"Ekologisk livsmedelsf\u00f6rpackning fr\u00e5n wellpapp med anpassat tryck i massproduktion fr\u00e5n tillverkaren - F\u00f6rpackningsproduktionsf\u00f6retaget Cardboard Expert\",\"breadcrumb\":{\"@id\":\"https:\\\/\\\/cardboard-expert.com\\\/sv\\\/product\\\/ekologisk-livsmedelsforpackningar\\\/#breadcrumb\"},\"inLanguage\":\"sv-SE\",\"potentialAction\":[{\"@type\":\"ReadAction\",\"target\":[\"https:\\\/\\\/cardboard-expert.com\\\/sv\\\/product\\\/ekologisk-livsmedelsforpackningar\\\/\"]}]},{\"@type\":\"ImageObject\",\"inLanguage\":\"sv-SE\",\"@id\":\"https:\\\/\\\/cardboard-expert.com\\\/sv\\\/product\\\/ekologisk-livsmedelsforpackningar\\\/#primaryimage\",\"url\":\"https:\\\/\\\/cardboard-expert.com\\\/wp-content\\\/uploads\\\/2023\\\/07\\\/eco-friendly-food-boxes.webp\",\"contentUrl\":\"https:\\\/\\\/cardboard-expert.com\\\/wp-content\\\/uploads\\\/2023\\\/07\\\/eco-friendly-food-boxes.webp\",\"width\":1918,\"height\":1250},{\"@type\":\"BreadcrumbList\",\"@id\":\"https:\\\/\\\/cardboard-expert.com\\\/sv\\\/product\\\/ekologisk-livsmedelsforpackningar\\\/#breadcrumb\",\"itemListElement\":[{\"@type\":\"ListItem\",\"position\":1,\"name\":\"Startsida\",\"item\":\"https:\\\/\\\/cardboard-expert.com\\\/sv\\\/\"},{\"@type\":\"ListItem\",\"position\":2,\"name\":\"Butik\",\"item\":\"https:\\\/\\\/cardboard-expert.com\\\/sv\\\/butik\\\/\"},{\"@type\":\"ListItem\",\"position\":3,\"name\":\"Ekologisk livsmedelsf\u00f6rpackningar\"}]},{\"@type\":\"WebSite\",\"@id\":\"https:\\\/\\\/cardboard-expert.com\\\/sv\\\/#website\",\"url\":\"https:\\\/\\\/cardboard-expert.com\\\/sv\\\/\",\"name\":\"cardboard-expert.com\",\"description\":\"\",\"publisher\":{\"@id\":\"https:\\\/\\\/cardboard-expert.com\\\/sv\\\/#organization\"},\"potentialAction\":[{\"@type\":\"SearchAction\",\"target\":{\"@type\":\"EntryPoint\",\"urlTemplate\":\"https:\\\/\\\/cardboard-expert.com\\\/sv\\\/?s={search_term_string}\"},\"query-input\":{\"@type\":\"PropertyValueSpecification\",\"valueRequired\":true,\"valueName\":\"search_term_string\"}}],\"inLanguage\":\"sv-SE\"},{\"@type\":\"Organization\",\"@id\":\"https:\\\/\\\/cardboard-expert.com\\\/sv\\\/#organization\",\"name\":\"cardboard-expert.com\",\"url\":\"https:\\\/\\\/cardboard-expert.com\\\/sv\\\/\",\"logo\":{\"@type\":\"ImageObject\",\"inLanguage\":\"sv-SE\",\"@id\":\"https:\\\/\\\/cardboard-expert.com\\\/sv\\\/#\\\/schema\\\/logo\\\/image\\\/\",\"url\":\"https:\\\/\\\/cardboard-expert.com\\\/wp-content\\\/uploads\\\/2023\\\/06\\\/logo_white.webp\",\"contentUrl\":\"https:\\\/\\\/cardboard-expert.com\\\/wp-content\\\/uploads\\\/2023\\\/06\\\/logo_white.webp\",\"width\":2000,\"height\":550,\"caption\":\"cardboard-expert.com\"},\"image\":{\"@id\":\"https:\\\/\\\/cardboard-expert.com\\\/sv\\\/#\\\/schema\\\/logo\\\/image\\\/\"},\"sameAs\":[\"https:\\\/\\\/www.facebook.com\\\/packexpertou\",\"https:\\\/\\\/www.instagram.com\\\/packexpertoufiliale\\\/\",\"https:\\\/\\\/www.linkedin.com\\\/company\\\/pack-expert-ou\\\/\",\"https:\\\/\\\/www.pinterest.com\\\/packexpert\\\/\",\"https:\\\/\\\/www.youtube.com\\\/@packexpert\"]}]}<\/script>\n<!-- \/ Yoast SEO plugin. -->","yoast_head_json":{"title":"Ekologisk livsmedelsf\u00f6rpackningar - Packaging production company Cardboard Expert","description":"Ekologisk livsmedelsf\u00f6rpackning fr\u00e5n wellpapp med anpassat tryck i massproduktion fr\u00e5n tillverkaren - F\u00f6rpackningsproduktionsf\u00f6retaget Cardboard Expert","robots":{"index":"noindex","follow":"follow","max-snippet":"max-snippet:-1","max-image-preview":"max-image-preview:large","max-video-preview":"max-video-preview:-1"},"og_locale":"sv_SE","og_type":"article","og_title":"Ekologisk livsmedelsf\u00f6rpackningar - Packaging production company Cardboard Expert","og_description":"Ekologisk livsmedelsf\u00f6rpackning fr\u00e5n wellpapp med anpassat tryck i massproduktion fr\u00e5n tillverkaren - F\u00f6rpackningsproduktionsf\u00f6retaget Cardboard Expert","og_url":"https:\/\/cardboard-expert.com\/sv\/product\/ekologisk-livsmedelsforpackningar\/","og_site_name":"cardboard-expert.com","article_publisher":"https:\/\/www.facebook.com\/packexpertou","og_image":[{"width":1918,"height":1250,"url":"https:\/\/cardboard-expert.com\/wp-content\/uploads\/2023\/07\/eco-friendly-food-boxes.webp","type":"image\/webp"}],"twitter_card":"summary_large_image","twitter_title":"Ekologisk livsmedelsf\u00f6rpackningar - Packaging production company Cardboard Expert","twitter_misc":{"Ber\u00e4knad l\u00e4stid":"2 minuter"},"schema":{"@context":"https:\/\/schema.org","@graph":[{"@type":"WebPage","@id":"https:\/\/cardboard-expert.com\/sv\/product\/ekologisk-livsmedelsforpackningar\/","url":"https:\/\/cardboard-expert.com\/sv\/product\/ekologisk-livsmedelsforpackningar\/","name":"Ekologisk livsmedelsf\u00f6rpackningar - Packaging production company Cardboard Expert","isPartOf":{"@id":"https:\/\/cardboard-expert.com\/sv\/#website"},"primaryImageOfPage":{"@id":"https:\/\/cardboard-expert.com\/sv\/product\/ekologisk-livsmedelsforpackningar\/#primaryimage"},"image":{"@id":"https:\/\/cardboard-expert.com\/sv\/product\/ekologisk-livsmedelsforpackningar\/#primaryimage"},"thumbnailUrl":"https:\/\/cardboard-expert.com\/wp-content\/uploads\/2023\/07\/eco-friendly-food-boxes.webp","datePublished":"2023-07-10T19:21:11+00:00","description":"Ekologisk livsmedelsf\u00f6rpackning fr\u00e5n wellpapp med anpassat tryck i massproduktion fr\u00e5n tillverkaren - F\u00f6rpackningsproduktionsf\u00f6retaget Cardboard Expert","breadcrumb":{"@id":"https:\/\/cardboard-expert.com\/sv\/product\/ekologisk-livsmedelsforpackningar\/#breadcrumb"},"inLanguage":"sv-SE","potentialAction":[{"@type":"ReadAction","target":["https:\/\/cardboard-expert.com\/sv\/product\/ekologisk-livsmedelsforpackningar\/"]}]},{"@type":"ImageObject","inLanguage":"sv-SE","@id":"https:\/\/cardboard-expert.com\/sv\/product\/ekologisk-livsmedelsforpackningar\/#primaryimage","url":"https:\/\/cardboard-expert.com\/wp-content\/uploads\/2023\/07\/eco-friendly-food-boxes.webp","contentUrl":"https:\/\/cardboard-expert.com\/wp-content\/uploads\/2023\/07\/eco-friendly-food-boxes.webp","width":1918,"height":1250},{"@type":"BreadcrumbList","@id":"https:\/\/cardboard-expert.com\/sv\/product\/ekologisk-livsmedelsforpackningar\/#breadcrumb","itemListElement":[{"@type":"ListItem","position":1,"name":"Startsida","item":"https:\/\/cardboard-expert.com\/sv\/"},{"@type":"ListItem","position":2,"name":"Butik","item":"https:\/\/cardboard-expert.com\/sv\/butik\/"},{"@type":"ListItem","position":3,"name":"Ekologisk livsmedelsf\u00f6rpackningar"}]},{"@type":"WebSite","@id":"https:\/\/cardboard-expert.com\/sv\/#website","url":"https:\/\/cardboard-expert.com\/sv\/","name":"cardboard-expert.com","description":"","publisher":{"@id":"https:\/\/cardboard-expert.com\/sv\/#organization"},"potentialAction":[{"@type":"SearchAction","target":{"@type":"EntryPoint","urlTemplate":"https:\/\/cardboard-expert.com\/sv\/?s={search_term_string}"},"query-input":{"@type":"PropertyValueSpecification","valueRequired":true,"valueName":"search_term_string"}}],"inLanguage":"sv-SE"},{"@type":"Organization","@id":"https:\/\/cardboard-expert.com\/sv\/#organization","name":"cardboard-expert.com","url":"https:\/\/cardboard-expert.com\/sv\/","logo":{"@type":"ImageObject","inLanguage":"sv-SE","@id":"https:\/\/cardboard-expert.com\/sv\/#\/schema\/logo\/image\/","url":"https:\/\/cardboard-expert.com\/wp-content\/uploads\/2023\/06\/logo_white.webp","contentUrl":"https:\/\/cardboard-expert.com\/wp-content\/uploads\/2023\/06\/logo_white.webp","width":2000,"height":550,"caption":"cardboard-expert.com"},"image":{"@id":"https:\/\/cardboard-expert.com\/sv\/#\/schema\/logo\/image\/"},"sameAs":["https:\/\/www.facebook.com\/packexpertou","https:\/\/www.instagram.com\/packexpertoufiliale\/","https:\/\/www.linkedin.com\/company\/pack-expert-ou\/","https:\/\/www.pinterest.com\/packexpert\/","https:\/\/www.youtube.com\/@packexpert"]}]}},"_links":{"self":[{"href":"https:\/\/cardboard-expert.com\/sv\/wp-json\/wp\/v2\/product\/1005","targetHints":{"allow":["GET"]}}],"collection":[{"href":"https:\/\/cardboard-expert.com\/sv\/wp-json\/wp\/v2\/product"}],"about":[{"href":"https:\/\/cardboard-expert.com\/sv\/wp-json\/wp\/v2\/types\/product"}],"version-history":[{"count":0,"href":"https:\/\/cardboard-expert.com\/sv\/wp-json\/wp\/v2\/product\/1005\/revisions"}],"wp:featuredmedia":[{"embeddable":true,"href":"https:\/\/cardboard-expert.com\/sv\/wp-json\/wp\/v2\/media\/3873"}],"wp:attachment":[{"href":"https:\/\/cardboard-expert.com\/sv\/wp-json\/wp\/v2\/media?parent=1005"}],"wp:term":[{"taxonomy":"product_brand","embeddable":true,"href":"https:\/\/cardboard-expert.com\/sv\/wp-json\/wp\/v2\/product_brand?post=1005"},{"taxonomy":"product_cat","embeddable":true,"href":"https:\/\/cardboard-expert.com\/sv\/wp-json\/wp\/v2\/product_cat?post=1005"},{"taxonomy":"product_tag","embeddable":true,"href":"https:\/\/cardboard-expert.com\/sv\/wp-json\/wp\/v2\/product_tag?post=1005"}],"curies":[{"name":"wp","href":"https:\/\/api.w.org\/{rel}","templated":true}]}}