{"id":1448,"date":"2024-07-16T15:01:56","date_gmt":"2024-07-16T12:01:56","guid":{"rendered":"https:\/\/cardboard-expert.com\/?page_id=1448"},"modified":"2025-09-15T16:40:22","modified_gmt":"2025-09-15T13:40:22","slug":"att-placera-en-bestallning","status":"publish","type":"page","link":"https:\/\/cardboard-expert.com\/sv\/att-placera-en-bestallning\/","title":{"rendered":"Att placera en best\u00e4llning"},"content":{"rendered":"\t\t<div data-elementor-type=\"wp-post\" data-elementor-id=\"1448\" class=\"elementor elementor-1448 elementor-2834\" data-elementor-post-type=\"page\">\n\t\t\t\t\t\t<section class=\"elementor-section elementor-top-section elementor-element elementor-element-9ddc8f2 elementor-section-boxed elementor-section-height-default elementor-section-height-default\" data-id=\"9ddc8f2\" data-element_type=\"section\" data-e-type=\"section\">\n\t\t\t\t\t\t<div class=\"elementor-container elementor-column-gap-default\">\n\t\t\t\t\t<div class=\"elementor-column elementor-col-100 elementor-top-column elementor-element elementor-element-a5c4b26\" data-id=\"a5c4b26\" data-element_type=\"column\" data-e-type=\"column\">\n\t\t\t<div class=\"elementor-widget-wrap elementor-element-populated\">\n\t\t\t\t\t\t<div class=\"elementor-element elementor-element-44c8fbb elementor-widget elementor-widget-heading\" data-id=\"44c8fbb\" data-element_type=\"widget\" data-e-type=\"widget\" data-widget_type=\"heading.default\">\n\t\t\t\t<div class=\"elementor-widget-container\">\n\t\t\t\t\t<h2 class=\"elementor-heading-title elementor-size-default\">Att placera en best\u00e4llning<\/h2>\t\t\t\t<\/div>\n\t\t\t\t<\/div>\n\t\t\t\t<div class=\"elementor-element elementor-element-477f14f elementor-widget elementor-widget-text-editor\" data-id=\"477f14f\" data-element_type=\"widget\" data-e-type=\"widget\" data-widget_type=\"text-editor.default\">\n\t\t\t\t<div class=\"elementor-widget-container\">\n\t\t\t\t\t\t\t\t\tProcessen att placera en best\u00e4llning fr\u00e5n kunder f\u00f6r kartongf\u00f6rpackningar innefattar f\u00f6ljande steg.\t\t\t\t\t\t\t\t<\/div>\n\t\t\t\t<\/div>\n\t\t\t\t<div class=\"elementor-element elementor-element-a06bfbd elementor-invisible elementor-widget elementor-widget-accordion\" data-id=\"a06bfbd\" data-element_type=\"widget\" data-e-type=\"widget\" data-settings=\"{&quot;_animation&quot;:&quot;fadeIn&quot;}\" data-widget_type=\"accordion.default\">\n\t\t\t\t<div class=\"elementor-widget-container\">\n\t\t\t\t\t\t\t<div class=\"elementor-accordion\">\n\t\t\t\t\t\t\t<div class=\"elementor-accordion-item\">\n\t\t\t\t\t<h3 id=\"elementor-tab-title-1681\" class=\"elementor-tab-title\" data-tab=\"1\" role=\"button\" aria-controls=\"elementor-tab-content-1681\" aria-expanded=\"false\">\n\t\t\t\t\t\t\t\t\t\t\t\t<a class=\"elementor-accordion-title\" tabindex=\"0\">1. Samla information om kundens behov.<\/a>\n\t\t\t\t\t<\/h3>\n\t\t\t\t\t<div id=\"elementor-tab-content-1681\" class=\"elementor-tab-content elementor-clearfix\" data-tab=\"1\" role=\"region\" aria-labelledby=\"elementor-tab-title-1681\"><div class=\"timeline-item-wrapper \"><div class=\"timeline-content\"><p class=\"timeline-item-description\">\u2022 Kunden tillhandah\u00e5ller detaljer om befintlig f\u00f6rpackning de redan anv\u00e4nder eller beskriver sina behov f\u00f6r ny f\u00f6rpackning.<br \/>\u2022 N\u00f6dv\u00e4ndig information inkluderar material, dimensioner, form, designfunktioner, styrkekrav, design, etc. Bilder p\u00e5 f\u00f6rpackningen \u00e4r mycket anv\u00e4ndbara i detta skede.<\/p><\/div><\/div><\/div>\n\t\t\t\t<\/div>\n\t\t\t\t\t\t\t\t<\/div>\n\t\t\t\t\t\t<\/div>\n\t\t\t\t<\/div>\n\t\t\t\t<div class=\"elementor-element elementor-element-bf67dad elementor-invisible elementor-widget elementor-widget-accordion\" data-id=\"bf67dad\" data-element_type=\"widget\" data-e-type=\"widget\" data-settings=\"{&quot;_animation&quot;:&quot;fadeIn&quot;}\" data-widget_type=\"accordion.default\">\n\t\t\t\t<div class=\"elementor-widget-container\">\n\t\t\t\t\t\t\t<div class=\"elementor-accordion\">\n\t\t\t\t\t\t\t<div class=\"elementor-accordion-item\">\n\t\t\t\t\t<h3 id=\"elementor-tab-title-2001\" class=\"elementor-tab-title\" data-tab=\"1\" role=\"button\" aria-controls=\"elementor-tab-content-2001\" aria-expanded=\"false\">\n\t\t\t\t\t\t\t\t\t\t\t\t<a class=\"elementor-accordion-title\" tabindex=\"0\">2. Tekniskt f\u00f6rslag eller \u00f6verf\u00f6ring av projektet till design- och kostnadsavdelningen:<\/a>\n\t\t\t\t\t<\/h3>\n\t\t\t\t\t<div id=\"elementor-tab-content-2001\" class=\"elementor-tab-content elementor-clearfix\" data-tab=\"1\" role=\"region\" aria-labelledby=\"elementor-tab-title-2001\"><p>\u2022 V\u00e5r specialist analyserar de uppgifter som tillhandah\u00e5lls av kunden och f\u00f6resl\u00e5r flera tekniska l\u00f6sningar.<br \/>\u2022 Vid behov eller om projektet \u00e4r komplext kan ytterligare data fr\u00e5n kunden kr\u00e4vas. I s\u00e5 fall kontaktar v\u00e5r specialist kunden.<br \/>\u2022 Projektet \u00f6verf\u00f6rs till design- och kostnadsavdelningen f\u00f6r noggrann ber\u00e4kning och utveckling av l\u00e4mplig f\u00f6rpackning.<\/p><\/div>\n\t\t\t\t<\/div>\n\t\t\t\t\t\t\t\t<\/div>\n\t\t\t\t\t\t<\/div>\n\t\t\t\t<\/div>\n\t\t\t\t<div class=\"elementor-element elementor-element-c438e50 elementor-invisible elementor-widget elementor-widget-accordion\" data-id=\"c438e50\" data-element_type=\"widget\" data-e-type=\"widget\" data-settings=\"{&quot;_animation&quot;:&quot;fadeIn&quot;}\" data-widget_type=\"accordion.default\">\n\t\t\t\t<div class=\"elementor-widget-container\">\n\t\t\t\t\t\t\t<div class=\"elementor-accordion\">\n\t\t\t\t\t\t\t<div class=\"elementor-accordion-item\">\n\t\t\t\t\t<h3 id=\"elementor-tab-title-2051\" class=\"elementor-tab-title\" data-tab=\"1\" role=\"button\" aria-controls=\"elementor-tab-content-2051\" aria-expanded=\"false\">\n\t\t\t\t\t\t\t\t\t\t\t\t<a class=\"elementor-accordion-title\" tabindex=\"0\">3. Samordning av prov och villkor med kunden:<\/a>\n\t\t\t\t\t<\/h3>\n\t\t\t\t\t<div id=\"elementor-tab-content-2051\" class=\"elementor-tab-content elementor-clearfix\" data-tab=\"1\" role=\"region\" aria-labelledby=\"elementor-tab-title-2051\"><p>\u2022 Efter att kunden har valt den f\u00f6reslagna l\u00f6sningen kan vi skicka prov av materialet och sj\u00e4lva f\u00f6rpackningen f\u00f6r att s\u00e4kerst\u00e4lla \u00f6verenskommelsen och f\u00f6rtroendet fr\u00e5n v\u00e5r kund.<br \/>\u2022 Kunden har m\u00f6jlighet att utv\u00e4rdera materialets kvalitet, anv\u00e4ndarv\u00e4nlighet och \u00f6verensst\u00e4mmelse med sina krav.<br \/>\u2022 Om kunden \u00e4r n\u00f6jd med provarna och det erbjudna priset g\u00e5r vi vidare till n\u00e4sta steg.<\/p><\/div>\n\t\t\t\t<\/div>\n\t\t\t\t\t\t\t\t<\/div>\n\t\t\t\t\t\t<\/div>\n\t\t\t\t<\/div>\n\t\t\t\t<div class=\"elementor-element elementor-element-6f1af15 elementor-widget__width-initial elementor-invisible elementor-widget elementor-widget-accordion\" data-id=\"6f1af15\" data-element_type=\"widget\" data-e-type=\"widget\" data-settings=\"{&quot;_animation&quot;:&quot;fadeIn&quot;}\" data-widget_type=\"accordion.default\">\n\t\t\t\t<div class=\"elementor-widget-container\">\n\t\t\t\t\t\t\t<div class=\"elementor-accordion\">\n\t\t\t\t\t\t\t<div class=\"elementor-accordion-item\">\n\t\t\t\t\t<h3 id=\"elementor-tab-title-1161\" class=\"elementor-tab-title\" data-tab=\"1\" role=\"button\" aria-controls=\"elementor-tab-content-1161\" aria-expanded=\"false\">\n\t\t\t\t\t\t\t\t\t\t\t\t<a class=\"elementor-accordion-title\" tabindex=\"0\">4. Samordning av produktionsvillkor och betalningsvillkor:<\/a>\n\t\t\t\t\t<\/h3>\n\t\t\t\t\t<div id=\"elementor-tab-content-1161\" class=\"elementor-tab-content elementor-clearfix\" data-tab=\"1\" role=\"region\" aria-labelledby=\"elementor-tab-title-1161\"><p>\u2022 Vi diskuterar med kunden tidsramarna f\u00f6r produktion av f\u00f6rpackningen, med beaktande av den \u00f6nskade kvantiteten och projektets komplexitet.<br \/>\u2022 Betalningsvillkor och andra ekonomiska aspekter avtalas ocks\u00e5.<br \/>\u2022 Efter att ha mottagit best\u00e4llningen och kommit \u00f6verens med kunden om alla villkor, p\u00e5b\u00f6rjar vi produktionen av f\u00f6rpackningen.<br \/>Hela best\u00e4llningsprocessen \u00e4r fokuserad p\u00e5 h\u00f6gkvalitativa f\u00f6rpackningar, kundn\u00f6jdhet och produktionsdeadlines.<\/p><\/div>\n\t\t\t\t<\/div>\n\t\t\t\t\t\t\t\t<\/div>\n\t\t\t\t\t\t<\/div>\n\t\t\t\t<\/div>\n\t\t\t\t\t<\/div>\n\t\t<\/div>\n\t\t\t\t\t<\/div>\n\t\t<\/section>\n\t\t\t\t<section class=\"elementor-section elementor-top-section elementor-element elementor-element-60a24c5 elementor-section-boxed elementor-section-height-default elementor-section-height-default\" data-id=\"60a24c5\" data-element_type=\"section\" data-e-type=\"section\">\n\t\t\t\t\t\t<div class=\"elementor-container elementor-column-gap-default\">\n\t\t\t\t\t<div class=\"elementor-column elementor-col-33 elementor-top-column elementor-element elementor-element-0d643e7\" data-id=\"0d643e7\" data-element_type=\"column\" data-e-type=\"column\">\n\t\t\t<div class=\"elementor-widget-wrap\">\n\t\t\t\t\t\t\t<\/div>\n\t\t<\/div>\n\t\t\t\t<div class=\"elementor-column elementor-col-33 elementor-top-column elementor-element elementor-element-63526bd\" data-id=\"63526bd\" data-element_type=\"column\" data-e-type=\"column\">\n\t\t\t<div class=\"elementor-widget-wrap elementor-element-populated\">\n\t\t\t\t\t\t<div class=\"elementor-element elementor-element-750fbe5 elementor-widget elementor-widget-html\" data-id=\"750fbe5\" data-element_type=\"widget\" data-e-type=\"widget\" data-widget_type=\"html.default\">\n\t\t\t\t<div class=\"elementor-widget-container\">\n\t\t\t\t\t\n<div class=\"wpcf7 no-js\" id=\"wpcf7-f1131-o1\" lang=\"sv-SE\" dir=\"ltr\" data-wpcf7-id=\"1131\">\n<div class=\"screen-reader-response\"><p role=\"status\" aria-live=\"polite\" aria-atomic=\"true\"><\/p> <ul><\/ul><\/div>\n<form action=\"\/sv\/wp-json\/wp\/v2\/pages\/1448#wpcf7-f1131-o1\" method=\"post\" class=\"wpcf7-form init\" aria-label=\"Kontaktformul\u00e4r\" novalidate=\"novalidate\" data-status=\"init\">\n<fieldset class=\"hidden-fields-container\"><input type=\"hidden\" name=\"_wpcf7\" value=\"1131\" \/><input type=\"hidden\" name=\"_wpcf7_version\" value=\"6.1.5\" \/><input type=\"hidden\" name=\"_wpcf7_locale\" value=\"sv_SE\" \/><input type=\"hidden\" name=\"_wpcf7_unit_tag\" value=\"wpcf7-f1131-o1\" \/><input type=\"hidden\" name=\"_wpcf7_container_post\" value=\"0\" \/><input type=\"hidden\" name=\"_wpcf7_posted_data_hash\" value=\"\" \/><input type=\"hidden\" name=\"_wpcf7_recaptcha_response\" value=\"\" \/>\n<\/fieldset>\n<p><label> Din e-postadress<br \/>\n<span class=\"wpcf7-form-control-wrap\" data-name=\"your-email\"><input size=\"40\" maxlength=\"400\" class=\"wpcf7-form-control wpcf7-email wpcf7-validates-as-required wpcf7-text wpcf7-validates-as-email\" autocomplete=\"email\" aria-required=\"true\" aria-invalid=\"false\" value=\"\" type=\"email\" name=\"your-email\" \/><\/span> <\/label>\n<\/p>\n<p><label> Ditt meddelande<br \/>\n<span class=\"wpcf7-form-control-wrap\" data-name=\"your-message\"><textarea cols=\"40\" rows=\"10\" maxlength=\"2000\" class=\"wpcf7-form-control wpcf7-textarea\" aria-invalid=\"false\" name=\"your-message\"><\/textarea><\/span> <\/label>\n<\/p>\n<p><span class=\"wpcf7-form-control-wrap\" data-name=\"acceptance-49\"><span class=\"wpcf7-form-control wpcf7-acceptance\"><span class=\"wpcf7-list-item\"><label><input type=\"checkbox\" name=\"acceptance-49\" value=\"1\" aria-invalid=\"false\" \/><span class=\"wpcf7-list-item-label\">Jag bekr\u00e4ftar att jag har l\u00e4st och godk\u00e4nner reglerna f\u00f6r webbplatsen. <a href=\"https:\/\/cardboard-expert.com\/sv\/integritetspolicy\/\" target=\"_blank\">Integritetspolicy<\/a><\/span><\/label><\/span><\/span><\/span>\n<\/p>\n<p><input class=\"wpcf7-form-control wpcf7-submit has-spinner\" type=\"submit\" value=\"Skicka\" \/>\n<\/p><div class=\"wpcf7-response-output\" aria-hidden=\"true\"><\/div>\n<\/form>\n<\/div>\n\t\t\t\t<\/div>\n\t\t\t\t<\/div>\n\t\t\t\t\t<\/div>\n\t\t<\/div>\n\t\t\t\t<div class=\"elementor-column elementor-col-33 elementor-top-column elementor-element elementor-element-0e18b6a\" data-id=\"0e18b6a\" data-element_type=\"column\" data-e-type=\"column\">\n\t\t\t<div class=\"elementor-widget-wrap\">\n\t\t\t\t\t\t\t<\/div>\n\t\t<\/div>\n\t\t\t\t\t<\/div>\n\t\t<\/section>\n\t\t\t\t<\/div>\n\t\t","protected":false},"excerpt":{"rendered":"<p>Att placera en best\u00e4llning Processen att placera en best\u00e4llning fr\u00e5n kunder f\u00f6r kartongf\u00f6rpackningar innefattar f\u00f6ljande steg. 1. Samla information om kundens behov. \u2022 Kunden tillhandah\u00e5ller detaljer om befintlig f\u00f6rpackning de<\/p>\n","protected":false},"author":1,"featured_media":537,"parent":0,"menu_order":0,"comment_status":"closed","ping_status":"closed","template":"","meta":{"footnotes":""},"class_list":["post-1448","page","type-page","status-publish","has-post-thumbnail","hentry"],"yoast_head":"<!-- This site is optimized with the Yoast SEO plugin v27.3 - https:\/\/yoast.com\/product\/yoast-seo-wordpress\/ -->\n<title>Att placera en best\u00e4llning - cardboard-expert.com<\/title>\n<meta name=\"description\" content=\"Processen att placera en best\u00e4llning fr\u00e5n kunder f\u00f6r kartongf\u00f6rpackningar innefattar f\u00f6ljande steg.\" \/>\n<meta name=\"robots\" content=\"noindex, follow, max-snippet:-1, max-image-preview:large, max-video-preview:-1\" \/>\n<meta property=\"og:locale\" content=\"sv_SE\" \/>\n<meta property=\"og:type\" content=\"article\" \/>\n<meta property=\"og:title\" content=\"Att placera en best\u00e4llning - cardboard-expert.com\" \/>\n<meta property=\"og:description\" content=\"Processen att placera en best\u00e4llning fr\u00e5n kunder f\u00f6r kartongf\u00f6rpackningar innefattar f\u00f6ljande steg.\" \/>\n<meta property=\"og:url\" content=\"https:\/\/cardboard-expert.com\/sv\/att-placera-en-bestallning\/\" \/>\n<meta property=\"og:site_name\" content=\"cardboard-expert.com\" \/>\n<meta property=\"article:publisher\" content=\"https:\/\/www.facebook.com\/packexpertou\" \/>\n<meta property=\"article:modified_time\" content=\"2025-09-15T13:40:22+00:00\" \/>\n<meta property=\"og:image\" content=\"https:\/\/cardboard-expert.com\/wp-content\/uploads\/2023\/06\/favicon.webp\" \/>\n\t<meta property=\"og:image:width\" content=\"512\" \/>\n\t<meta property=\"og:image:height\" content=\"512\" \/>\n\t<meta property=\"og:image:type\" content=\"image\/webp\" \/>\n<meta name=\"twitter:card\" content=\"summary_large_image\" \/>\n<meta name=\"twitter:label1\" content=\"Ber\u00e4knad l\u00e4stid\" \/>\n\t<meta name=\"twitter:data1\" content=\"2 minuter\" \/>\n<script type=\"application\/ld+json\" class=\"yoast-schema-graph\">{\"@context\":\"https:\\\/\\\/schema.org\",\"@graph\":[{\"@type\":[\"WebPage\",\"ContactPage\"],\"@id\":\"https:\\\/\\\/cardboard-expert.com\\\/sv\\\/att-placera-en-bestallning\\\/\",\"url\":\"https:\\\/\\\/cardboard-expert.com\\\/sv\\\/att-placera-en-bestallning\\\/\",\"name\":\"Att placera en best\u00e4llning - cardboard-expert.com\",\"isPartOf\":{\"@id\":\"https:\\\/\\\/cardboard-expert.com\\\/sv\\\/#website\"},\"primaryImageOfPage\":{\"@id\":\"https:\\\/\\\/cardboard-expert.com\\\/sv\\\/att-placera-en-bestallning\\\/#primaryimage\"},\"image\":{\"@id\":\"https:\\\/\\\/cardboard-expert.com\\\/sv\\\/att-placera-en-bestallning\\\/#primaryimage\"},\"thumbnailUrl\":\"https:\\\/\\\/cardboard-expert.com\\\/wp-content\\\/uploads\\\/2023\\\/06\\\/favicon.webp\",\"datePublished\":\"2024-07-16T12:01:56+00:00\",\"dateModified\":\"2025-09-15T13:40:22+00:00\",\"description\":\"Processen att placera en best\u00e4llning fr\u00e5n kunder f\u00f6r kartongf\u00f6rpackningar innefattar f\u00f6ljande steg.\",\"breadcrumb\":{\"@id\":\"https:\\\/\\\/cardboard-expert.com\\\/sv\\\/att-placera-en-bestallning\\\/#breadcrumb\"},\"inLanguage\":\"sv-SE\",\"potentialAction\":[{\"@type\":\"ReadAction\",\"target\":[\"https:\\\/\\\/cardboard-expert.com\\\/sv\\\/att-placera-en-bestallning\\\/\"]}]},{\"@type\":\"ImageObject\",\"inLanguage\":\"sv-SE\",\"@id\":\"https:\\\/\\\/cardboard-expert.com\\\/sv\\\/att-placera-en-bestallning\\\/#primaryimage\",\"url\":\"https:\\\/\\\/cardboard-expert.com\\\/wp-content\\\/uploads\\\/2023\\\/06\\\/favicon.webp\",\"contentUrl\":\"https:\\\/\\\/cardboard-expert.com\\\/wp-content\\\/uploads\\\/2023\\\/06\\\/favicon.webp\",\"width\":512,\"height\":512,\"caption\":\"favicon\"},{\"@type\":\"BreadcrumbList\",\"@id\":\"https:\\\/\\\/cardboard-expert.com\\\/sv\\\/att-placera-en-bestallning\\\/#breadcrumb\",\"itemListElement\":[{\"@type\":\"ListItem\",\"position\":1,\"name\":\"Startsida\",\"item\":\"https:\\\/\\\/cardboard-expert.com\\\/sv\\\/\"},{\"@type\":\"ListItem\",\"position\":2,\"name\":\"Att placera en best\u00e4llning\"}]},{\"@type\":\"WebSite\",\"@id\":\"https:\\\/\\\/cardboard-expert.com\\\/sv\\\/#website\",\"url\":\"https:\\\/\\\/cardboard-expert.com\\\/sv\\\/\",\"name\":\"cardboard-expert.com\",\"description\":\"\",\"publisher\":{\"@id\":\"https:\\\/\\\/cardboard-expert.com\\\/sv\\\/#organization\"},\"potentialAction\":[{\"@type\":\"SearchAction\",\"target\":{\"@type\":\"EntryPoint\",\"urlTemplate\":\"https:\\\/\\\/cardboard-expert.com\\\/sv\\\/?s={search_term_string}\"},\"query-input\":{\"@type\":\"PropertyValueSpecification\",\"valueRequired\":true,\"valueName\":\"search_term_string\"}}],\"inLanguage\":\"sv-SE\"},{\"@type\":\"Organization\",\"@id\":\"https:\\\/\\\/cardboard-expert.com\\\/sv\\\/#organization\",\"name\":\"cardboard-expert.com\",\"url\":\"https:\\\/\\\/cardboard-expert.com\\\/sv\\\/\",\"logo\":{\"@type\":\"ImageObject\",\"inLanguage\":\"sv-SE\",\"@id\":\"https:\\\/\\\/cardboard-expert.com\\\/sv\\\/#\\\/schema\\\/logo\\\/image\\\/\",\"url\":\"https:\\\/\\\/cardboard-expert.com\\\/wp-content\\\/uploads\\\/2023\\\/06\\\/logo_white.webp\",\"contentUrl\":\"https:\\\/\\\/cardboard-expert.com\\\/wp-content\\\/uploads\\\/2023\\\/06\\\/logo_white.webp\",\"width\":2000,\"height\":550,\"caption\":\"cardboard-expert.com\"},\"image\":{\"@id\":\"https:\\\/\\\/cardboard-expert.com\\\/sv\\\/#\\\/schema\\\/logo\\\/image\\\/\"},\"sameAs\":[\"https:\\\/\\\/www.facebook.com\\\/packexpertou\",\"https:\\\/\\\/www.instagram.com\\\/packexpertoufiliale\\\/\",\"https:\\\/\\\/www.linkedin.com\\\/company\\\/pack-expert-ou\\\/\",\"https:\\\/\\\/www.pinterest.com\\\/packexpert\\\/\",\"https:\\\/\\\/www.youtube.com\\\/@packexpert\"]}]}<\/script>\n<!-- \/ Yoast SEO plugin. -->","yoast_head_json":{"title":"Att placera en best\u00e4llning - cardboard-expert.com","description":"Processen att placera en best\u00e4llning fr\u00e5n kunder f\u00f6r kartongf\u00f6rpackningar innefattar f\u00f6ljande steg.","robots":{"index":"noindex","follow":"follow","max-snippet":"max-snippet:-1","max-image-preview":"max-image-preview:large","max-video-preview":"max-video-preview:-1"},"og_locale":"sv_SE","og_type":"article","og_title":"Att placera en best\u00e4llning - cardboard-expert.com","og_description":"Processen att placera en best\u00e4llning fr\u00e5n kunder f\u00f6r kartongf\u00f6rpackningar innefattar f\u00f6ljande steg.","og_url":"https:\/\/cardboard-expert.com\/sv\/att-placera-en-bestallning\/","og_site_name":"cardboard-expert.com","article_publisher":"https:\/\/www.facebook.com\/packexpertou","article_modified_time":"2025-09-15T13:40:22+00:00","og_image":[{"width":512,"height":512,"url":"https:\/\/cardboard-expert.com\/wp-content\/uploads\/2023\/06\/favicon.webp","type":"image\/webp"}],"twitter_card":"summary_large_image","twitter_misc":{"Ber\u00e4knad l\u00e4stid":"2 minuter"},"schema":{"@context":"https:\/\/schema.org","@graph":[{"@type":["WebPage","ContactPage"],"@id":"https:\/\/cardboard-expert.com\/sv\/att-placera-en-bestallning\/","url":"https:\/\/cardboard-expert.com\/sv\/att-placera-en-bestallning\/","name":"Att placera en best\u00e4llning - cardboard-expert.com","isPartOf":{"@id":"https:\/\/cardboard-expert.com\/sv\/#website"},"primaryImageOfPage":{"@id":"https:\/\/cardboard-expert.com\/sv\/att-placera-en-bestallning\/#primaryimage"},"image":{"@id":"https:\/\/cardboard-expert.com\/sv\/att-placera-en-bestallning\/#primaryimage"},"thumbnailUrl":"https:\/\/cardboard-expert.com\/wp-content\/uploads\/2023\/06\/favicon.webp","datePublished":"2024-07-16T12:01:56+00:00","dateModified":"2025-09-15T13:40:22+00:00","description":"Processen att placera en best\u00e4llning fr\u00e5n kunder f\u00f6r kartongf\u00f6rpackningar innefattar f\u00f6ljande steg.","breadcrumb":{"@id":"https:\/\/cardboard-expert.com\/sv\/att-placera-en-bestallning\/#breadcrumb"},"inLanguage":"sv-SE","potentialAction":[{"@type":"ReadAction","target":["https:\/\/cardboard-expert.com\/sv\/att-placera-en-bestallning\/"]}]},{"@type":"ImageObject","inLanguage":"sv-SE","@id":"https:\/\/cardboard-expert.com\/sv\/att-placera-en-bestallning\/#primaryimage","url":"https:\/\/cardboard-expert.com\/wp-content\/uploads\/2023\/06\/favicon.webp","contentUrl":"https:\/\/cardboard-expert.com\/wp-content\/uploads\/2023\/06\/favicon.webp","width":512,"height":512,"caption":"favicon"},{"@type":"BreadcrumbList","@id":"https:\/\/cardboard-expert.com\/sv\/att-placera-en-bestallning\/#breadcrumb","itemListElement":[{"@type":"ListItem","position":1,"name":"Startsida","item":"https:\/\/cardboard-expert.com\/sv\/"},{"@type":"ListItem","position":2,"name":"Att placera en best\u00e4llning"}]},{"@type":"WebSite","@id":"https:\/\/cardboard-expert.com\/sv\/#website","url":"https:\/\/cardboard-expert.com\/sv\/","name":"cardboard-expert.com","description":"","publisher":{"@id":"https:\/\/cardboard-expert.com\/sv\/#organization"},"potentialAction":[{"@type":"SearchAction","target":{"@type":"EntryPoint","urlTemplate":"https:\/\/cardboard-expert.com\/sv\/?s={search_term_string}"},"query-input":{"@type":"PropertyValueSpecification","valueRequired":true,"valueName":"search_term_string"}}],"inLanguage":"sv-SE"},{"@type":"Organization","@id":"https:\/\/cardboard-expert.com\/sv\/#organization","name":"cardboard-expert.com","url":"https:\/\/cardboard-expert.com\/sv\/","logo":{"@type":"ImageObject","inLanguage":"sv-SE","@id":"https:\/\/cardboard-expert.com\/sv\/#\/schema\/logo\/image\/","url":"https:\/\/cardboard-expert.com\/wp-content\/uploads\/2023\/06\/logo_white.webp","contentUrl":"https:\/\/cardboard-expert.com\/wp-content\/uploads\/2023\/06\/logo_white.webp","width":2000,"height":550,"caption":"cardboard-expert.com"},"image":{"@id":"https:\/\/cardboard-expert.com\/sv\/#\/schema\/logo\/image\/"},"sameAs":["https:\/\/www.facebook.com\/packexpertou","https:\/\/www.instagram.com\/packexpertoufiliale\/","https:\/\/www.linkedin.com\/company\/pack-expert-ou\/","https:\/\/www.pinterest.com\/packexpert\/","https:\/\/www.youtube.com\/@packexpert"]}]}},"_links":{"self":[{"href":"https:\/\/cardboard-expert.com\/sv\/wp-json\/wp\/v2\/pages\/1448","targetHints":{"allow":["GET"]}}],"collection":[{"href":"https:\/\/cardboard-expert.com\/sv\/wp-json\/wp\/v2\/pages"}],"about":[{"href":"https:\/\/cardboard-expert.com\/sv\/wp-json\/wp\/v2\/types\/page"}],"author":[{"embeddable":true,"href":"https:\/\/cardboard-expert.com\/sv\/wp-json\/wp\/v2\/users\/1"}],"replies":[{"embeddable":true,"href":"https:\/\/cardboard-expert.com\/sv\/wp-json\/wp\/v2\/comments?post=1448"}],"version-history":[{"count":12,"href":"https:\/\/cardboard-expert.com\/sv\/wp-json\/wp\/v2\/pages\/1448\/revisions"}],"predecessor-version":[{"id":1482,"href":"https:\/\/cardboard-expert.com\/sv\/wp-json\/wp\/v2\/pages\/1448\/revisions\/1482"}],"wp:featuredmedia":[{"embeddable":true,"href":"https:\/\/cardboard-expert.com\/sv\/wp-json\/wp\/v2\/media\/537"}],"wp:attachment":[{"href":"https:\/\/cardboard-expert.com\/sv\/wp-json\/wp\/v2\/media?parent=1448"}],"curies":[{"name":"wp","href":"https:\/\/api.w.org\/{rel}","templated":true}]}}