{"id":116,"date":"2023-07-12T15:47:17","date_gmt":"2023-07-12T12:47:17","guid":{"rendered":"https:\/\/oceanwp.org\/travel\/?page_id=116"},"modified":"2025-09-10T12:46:06","modified_gmt":"2025-09-10T09:46:06","slug":"kontakter","status":"publish","type":"page","link":"https:\/\/cardboard-expert.com\/sv\/kontakter\/","title":{"rendered":"Kontakter"},"content":{"rendered":"\t\t<div data-elementor-type=\"wp-post\" data-elementor-id=\"116\" class=\"elementor elementor-116 elementor-1135\" data-elementor-post-type=\"page\">\n\t\t\t\t\t\t<section class=\"elementor-section elementor-top-section elementor-element elementor-element-09c2553 elementor-section-boxed elementor-section-height-default elementor-section-height-default\" data-id=\"09c2553\" data-element_type=\"section\" data-e-type=\"section\">\n\t\t\t\t\t\t<div class=\"elementor-container elementor-column-gap-default\">\n\t\t\t\t\t<div class=\"elementor-column elementor-col-33 elementor-top-column elementor-element elementor-element-2fb9519\" data-id=\"2fb9519\" data-element_type=\"column\" data-e-type=\"column\">\n\t\t\t<div class=\"elementor-widget-wrap elementor-element-populated\">\n\t\t\t\t\t\t<div class=\"elementor-element elementor-element-1f7a29e elementor-widget elementor-widget-heading\" data-id=\"1f7a29e\" data-element_type=\"widget\" data-e-type=\"widget\" data-widget_type=\"heading.default\">\n\t\t\t\t<div class=\"elementor-widget-container\">\n\t\t\t\t\t<h4 class=\"elementor-heading-title elementor-size-default\">Projektledare Lettland<\/h4>\t\t\t\t<\/div>\n\t\t\t\t<\/div>\n\t\t\t\t<div class=\"elementor-element elementor-element-d954fe4 elementor-widget elementor-widget-text-editor\" data-id=\"d954fe4\" data-element_type=\"widget\" data-e-type=\"widget\" data-widget_type=\"text-editor.default\">\n\t\t\t\t<div class=\"elementor-widget-container\">\n\t\t\t\t\t\t\t\t\t<p>Tatjana Sharipova<br \/>+371 2411 2737<br \/><a href=\"mailto:tatjana@packexpert.net\">tatjana@packexpert.net<\/a><\/p>\t\t\t\t\t\t\t\t<\/div>\n\t\t\t\t<\/div>\n\t\t\t\t\t<\/div>\n\t\t<\/div>\n\t\t\t\t<div class=\"elementor-column elementor-col-33 elementor-top-column elementor-element elementor-element-3aee55f\" data-id=\"3aee55f\" data-element_type=\"column\" data-e-type=\"column\">\n\t\t\t<div class=\"elementor-widget-wrap elementor-element-populated\">\n\t\t\t\t\t\t<div class=\"elementor-element elementor-element-036111c elementor-widget elementor-widget-heading\" data-id=\"036111c\" data-element_type=\"widget\" data-e-type=\"widget\" data-widget_type=\"heading.default\">\n\t\t\t\t<div class=\"elementor-widget-container\">\n\t\t\t\t\t<h4 class=\"elementor-heading-title elementor-size-default\">Projektledare Export<\/h4>\t\t\t\t<\/div>\n\t\t\t\t<\/div>\n\t\t\t\t<div class=\"elementor-element elementor-element-dae46fc elementor-widget elementor-widget-text-editor\" data-id=\"dae46fc\" data-element_type=\"widget\" data-e-type=\"widget\" data-widget_type=\"text-editor.default\">\n\t\t\t\t<div class=\"elementor-widget-container\">\n\t\t\t\t\t\t\t\t\t<p>Galina Levenberg<br \/>+371 2976 7888<br \/><a href=\"mailto:galina@packexpert.net\">galina@packexpert.net<\/a><\/p>\t\t\t\t\t\t\t\t<\/div>\n\t\t\t\t<\/div>\n\t\t\t\t\t<\/div>\n\t\t<\/div>\n\t\t\t\t<div class=\"elementor-column elementor-col-33 elementor-top-column elementor-element elementor-element-be86893\" data-id=\"be86893\" data-element_type=\"column\" data-e-type=\"column\">\n\t\t\t<div class=\"elementor-widget-wrap elementor-element-populated\">\n\t\t\t\t\t\t<div class=\"elementor-element elementor-element-0587d7c elementor-widget elementor-widget-heading\" data-id=\"0587d7c\" data-element_type=\"widget\" data-e-type=\"widget\" data-widget_type=\"heading.default\">\n\t\t\t\t<div class=\"elementor-widget-container\">\n\t\t\t\t\t<h4 class=\"elementor-heading-title elementor-size-default\">Design och konstruktioner<\/h4>\t\t\t\t<\/div>\n\t\t\t\t<\/div>\n\t\t\t\t<div class=\"elementor-element elementor-element-a366ee3 elementor-widget elementor-widget-text-editor\" data-id=\"a366ee3\" data-element_type=\"widget\" data-e-type=\"widget\" data-widget_type=\"text-editor.default\">\n\t\t\t\t<div class=\"elementor-widget-container\">\n\t\t\t\t\t\t\t\t\t<p>Tatjana Sandalane<br \/>+371 2992 8831<br \/><a href=\"mailto:design@packexpert.net\">design@packexpert.net<\/a><\/p>\t\t\t\t\t\t\t\t<\/div>\n\t\t\t\t<\/div>\n\t\t\t\t\t<\/div>\n\t\t<\/div>\n\t\t\t\t\t<\/div>\n\t\t<\/section>\n\t\t\t\t<section class=\"elementor-section elementor-top-section elementor-element elementor-element-a38b381 elementor-section-boxed elementor-section-height-default elementor-section-height-default\" data-id=\"a38b381\" data-element_type=\"section\" data-e-type=\"section\">\n\t\t\t\t\t\t<div class=\"elementor-container elementor-column-gap-default\">\n\t\t\t\t\t<div class=\"elementor-column elementor-col-100 elementor-top-column elementor-element elementor-element-f87599e\" data-id=\"f87599e\" data-element_type=\"column\" data-e-type=\"column\">\n\t\t\t<div class=\"elementor-widget-wrap elementor-element-populated\">\n\t\t\t\t\t\t<div class=\"elementor-element elementor-element-5048e7f elementor-widget-divider--view-line elementor-widget elementor-widget-divider\" data-id=\"5048e7f\" data-element_type=\"widget\" data-e-type=\"widget\" data-widget_type=\"divider.default\">\n\t\t\t\t<div class=\"elementor-widget-container\">\n\t\t\t\t\t\t\t<div class=\"elementor-divider\">\n\t\t\t<span class=\"elementor-divider-separator\">\n\t\t\t\t\t\t<\/span>\n\t\t<\/div>\n\t\t\t\t\t\t<\/div>\n\t\t\t\t<\/div>\n\t\t\t\t\t<\/div>\n\t\t<\/div>\n\t\t\t\t\t<\/div>\n\t\t<\/section>\n\t\t\t\t<section class=\"elementor-section elementor-top-section elementor-element elementor-element-d1tumf8 elementor-section-boxed elementor-section-height-default elementor-section-height-default\" data-id=\"d1tumf8\" data-element_type=\"section\" data-e-type=\"section\">\n\t\t\t\t\t\t<div class=\"elementor-container elementor-column-gap-default\">\n\t\t\t\t\t<div class=\"elementor-column elementor-col-33 elementor-top-column elementor-element elementor-element-lw5v8sz\" data-id=\"lw5v8sz\" data-element_type=\"column\" data-e-type=\"column\">\n\t\t\t<div class=\"elementor-widget-wrap elementor-element-populated\">\n\t\t\t\t\t\t<div class=\"elementor-element elementor-element-f4aedae elementor-widget elementor-widget-heading\" data-id=\"f4aedae\" data-element_type=\"widget\" data-e-type=\"widget\" data-widget_type=\"heading.default\">\n\t\t\t\t<div class=\"elementor-widget-container\">\n\t\t\t\t\t<h2 class=\"elementor-heading-title elementor-size-default\">L\u00e4mna en f\u00f6rfr\u00e5gan<\/h2>\t\t\t\t<\/div>\n\t\t\t\t<\/div>\n\t\t\t\t<div class=\"elementor-element elementor-element-305c066 elementor-widget elementor-widget-text-editor\" data-id=\"305c066\" data-element_type=\"widget\" data-e-type=\"widget\" data-widget_type=\"text-editor.default\">\n\t\t\t\t<div class=\"elementor-widget-container\">\n\t\t\t\t\t\t\t\t\t<div class=\"kd-panel-subtitle\">Och vi kommer att ber\u00e4kna det slutliga priset.<\/div>\t\t\t\t\t\t\t\t<\/div>\n\t\t\t\t<\/div>\n\t\t\t\t<div class=\"elementor-element elementor-element-f8bb149 elementor-widget elementor-widget-html\" data-id=\"f8bb149\" data-element_type=\"widget\" data-e-type=\"widget\" data-widget_type=\"html.default\">\n\t\t\t\t<div class=\"elementor-widget-container\">\n\t\t\t\t\t\n<div class=\"wpcf7 no-js\" id=\"wpcf7-f1131-o1\" lang=\"sv-SE\" dir=\"ltr\" data-wpcf7-id=\"1131\">\n<div class=\"screen-reader-response\"><p role=\"status\" aria-live=\"polite\" aria-atomic=\"true\"><\/p> <ul><\/ul><\/div>\n<form action=\"\/sv\/wp-json\/wp\/v2\/pages\/116#wpcf7-f1131-o1\" method=\"post\" class=\"wpcf7-form init\" aria-label=\"Kontaktformul\u00e4r\" novalidate=\"novalidate\" data-status=\"init\">\n<fieldset class=\"hidden-fields-container\"><input type=\"hidden\" name=\"_wpcf7\" value=\"1131\" \/><input type=\"hidden\" name=\"_wpcf7_version\" value=\"6.1.5\" \/><input type=\"hidden\" name=\"_wpcf7_locale\" value=\"sv_SE\" \/><input type=\"hidden\" name=\"_wpcf7_unit_tag\" value=\"wpcf7-f1131-o1\" \/><input type=\"hidden\" name=\"_wpcf7_container_post\" value=\"0\" \/><input type=\"hidden\" name=\"_wpcf7_posted_data_hash\" value=\"\" \/><input type=\"hidden\" name=\"_wpcf7_recaptcha_response\" value=\"\" \/>\n<\/fieldset>\n<p><label> Din e-postadress<br \/>\n<span class=\"wpcf7-form-control-wrap\" data-name=\"your-email\"><input size=\"40\" maxlength=\"400\" class=\"wpcf7-form-control wpcf7-email wpcf7-validates-as-required wpcf7-text wpcf7-validates-as-email\" autocomplete=\"email\" aria-required=\"true\" aria-invalid=\"false\" value=\"\" type=\"email\" name=\"your-email\" \/><\/span> <\/label>\n<\/p>\n<p><label> Ditt meddelande<br \/>\n<span class=\"wpcf7-form-control-wrap\" data-name=\"your-message\"><textarea cols=\"40\" rows=\"10\" maxlength=\"2000\" class=\"wpcf7-form-control wpcf7-textarea\" aria-invalid=\"false\" name=\"your-message\"><\/textarea><\/span> <\/label>\n<\/p>\n<p><span class=\"wpcf7-form-control-wrap\" data-name=\"acceptance-49\"><span class=\"wpcf7-form-control wpcf7-acceptance\"><span class=\"wpcf7-list-item\"><label><input type=\"checkbox\" name=\"acceptance-49\" value=\"1\" aria-invalid=\"false\" \/><span class=\"wpcf7-list-item-label\">Jag bekr\u00e4ftar att jag har l\u00e4st och godk\u00e4nner reglerna f\u00f6r webbplatsen. <a href=\"https:\/\/cardboard-expert.com\/sv\/integritetspolicy\/\" target=\"_blank\">Integritetspolicy<\/a><\/span><\/label><\/span><\/span><\/span>\n<\/p>\n<p><input class=\"wpcf7-form-control wpcf7-submit has-spinner\" type=\"submit\" value=\"Skicka\" \/>\n<\/p><div class=\"wpcf7-response-output\" aria-hidden=\"true\"><\/div>\n<\/form>\n<\/div>\n\t\t\t\t<\/div>\n\t\t\t\t<\/div>\n\t\t\t\t\t<\/div>\n\t\t<\/div>\n\t\t\t\t<div class=\"elementor-column elementor-col-33 elementor-top-column elementor-element elementor-element-e373157\" data-id=\"e373157\" data-element_type=\"column\" data-e-type=\"column\">\n\t\t\t<div class=\"elementor-widget-wrap\">\n\t\t\t\t\t\t\t<\/div>\n\t\t<\/div>\n\t\t\t\t<div class=\"elementor-column elementor-col-33 elementor-top-column elementor-element elementor-element-g1t3ep2\" data-id=\"g1t3ep2\" data-element_type=\"column\" data-e-type=\"column\">\n\t\t\t<div class=\"elementor-widget-wrap elementor-element-populated\">\n\t\t\t\t\t\t<div class=\"elementor-element elementor-element-397ef8e elementor-widget elementor-widget-heading\" data-id=\"397ef8e\" data-element_type=\"widget\" data-e-type=\"widget\" data-widget_type=\"heading.default\">\n\t\t\t\t<div class=\"elementor-widget-container\">\n\t\t\t\t\t<h2 class=\"elementor-heading-title elementor-size-default\">Kontakter<\/h2>\t\t\t\t<\/div>\n\t\t\t\t<\/div>\n\t\t\t\t<div class=\"elementor-element elementor-element-37f3e26 elementor-widget elementor-widget-text-editor\" data-id=\"37f3e26\" data-element_type=\"widget\" data-e-type=\"widget\" data-widget_type=\"text-editor.default\">\n\t\t\t\t<div class=\"elementor-widget-container\">\n\t\t\t\t\t\t\t\t\t<p>V\u00e5ra experter delar g\u00e4rna med sig av sin expertis och sina insikter f\u00f6r dina framtida projekt.<\/p>\t\t\t\t\t\t\t\t<\/div>\n\t\t\t\t<\/div>\n\t\t\t\t<div class=\"elementor-element elementor-element-936289b elementor-icon-list--layout-traditional elementor-list-item-link-full_width elementor-widget elementor-widget-icon-list\" data-id=\"936289b\" data-element_type=\"widget\" data-e-type=\"widget\" data-widget_type=\"icon-list.default\">\n\t\t\t\t<div class=\"elementor-widget-container\">\n\t\t\t\t\t\t\t<ul class=\"elementor-icon-list-items\">\n\t\t\t\t\t\t\t<li class=\"elementor-icon-list-item\">\n\t\t\t\t\t\t\t\t\t\t\t<span class=\"elementor-icon-list-icon\">\n\t\t\t\t\t\t\t<i aria-hidden=\"true\" class=\"fas fa-map-marker-alt\"><\/i>\t\t\t\t\t\t<\/span>\n\t\t\t\t\t\t\t\t\t\t<span class=\"elementor-icon-list-text\">Bukaisu iela 3, Riga, LV-1004, Lettland<\/span>\n\t\t\t\t\t\t\t\t\t<\/li>\n\t\t\t\t\t\t\t\t<li class=\"elementor-icon-list-item\">\n\t\t\t\t\t\t\t\t\t\t\t<a href=\"tel:+37126640893\">\n\n\t\t\t\t\t\t\t\t\t\t\t\t<span class=\"elementor-icon-list-icon\">\n\t\t\t\t\t\t\t<i aria-hidden=\"true\" class=\"fas fa-phone\"><\/i>\t\t\t\t\t\t<\/span>\n\t\t\t\t\t\t\t\t\t\t<span class=\"elementor-icon-list-text\">+371 2 6640893<\/span>\n\t\t\t\t\t\t\t\t\t\t\t<\/a>\n\t\t\t\t\t\t\t\t\t<\/li>\n\t\t\t\t\t\t\t\t<li class=\"elementor-icon-list-item\">\n\t\t\t\t\t\t\t\t\t\t\t<a href=\"mailto:info@packexpert.net\">\n\n\t\t\t\t\t\t\t\t\t\t\t\t<span class=\"elementor-icon-list-icon\">\n\t\t\t\t\t\t\t<i aria-hidden=\"true\" class=\"picon picon-email\"><\/i>\t\t\t\t\t\t<\/span>\n\t\t\t\t\t\t\t\t\t\t<span class=\"elementor-icon-list-text\">info@packexpert.net<\/span>\n\t\t\t\t\t\t\t\t\t\t\t<\/a>\n\t\t\t\t\t\t\t\t\t<\/li>\n\t\t\t\t\t\t<\/ul>\n\t\t\t\t\t\t<\/div>\n\t\t\t\t<\/div>\n\t\t\t\t\t<\/div>\n\t\t<\/div>\n\t\t\t\t\t<\/div>\n\t\t<\/section>\n\t\t\t\t<section class=\"elementor-section elementor-top-section elementor-element elementor-element-91d2dd0 elementor-section-boxed elementor-section-height-default elementor-section-height-default\" data-id=\"91d2dd0\" data-element_type=\"section\" data-e-type=\"section\">\n\t\t\t\t\t\t<div class=\"elementor-container elementor-column-gap-default\">\n\t\t\t\t\t<div class=\"elementor-column elementor-col-100 elementor-top-column elementor-element elementor-element-bb42bec\" data-id=\"bb42bec\" data-element_type=\"column\" data-e-type=\"column\">\n\t\t\t<div class=\"elementor-widget-wrap elementor-element-populated\">\n\t\t\t\t\t\t<div class=\"elementor-element elementor-element-a015d82 elementor-widget-divider--view-line elementor-widget elementor-widget-divider\" data-id=\"a015d82\" data-element_type=\"widget\" data-e-type=\"widget\" data-widget_type=\"divider.default\">\n\t\t\t\t<div class=\"elementor-widget-container\">\n\t\t\t\t\t\t\t<div class=\"elementor-divider\">\n\t\t\t<span class=\"elementor-divider-separator\">\n\t\t\t\t\t\t<\/span>\n\t\t<\/div>\n\t\t\t\t\t\t<\/div>\n\t\t\t\t<\/div>\n\t\t\t\t\t<\/div>\n\t\t<\/div>\n\t\t\t\t\t<\/div>\n\t\t<\/section>\n\t\t\t\t<section class=\"elementor-section elementor-top-section elementor-element elementor-element-iuf4h0m elementor-section-boxed elementor-section-height-default elementor-section-height-default\" data-id=\"iuf4h0m\" data-element_type=\"section\" data-e-type=\"section\">\n\t\t\t\t\t\t<div class=\"elementor-container elementor-column-gap-default\">\n\t\t\t\t\t<div class=\"elementor-column elementor-col-100 elementor-top-column elementor-element elementor-element-jbx7oee\" data-id=\"jbx7oee\" data-element_type=\"column\" data-e-type=\"column\">\n\t\t\t<div class=\"elementor-widget-wrap elementor-element-populated\">\n\t\t\t\t\t\t<div class=\"elementor-element elementor-element-51h3p12 elementor-widget elementor-widget-google_maps\" data-id=\"51h3p12\" data-element_type=\"widget\" data-e-type=\"widget\" data-widget_type=\"google_maps.default\">\n\t\t\t\t<div class=\"elementor-widget-container\">\n\t\t\t\t\t\t\t<div class=\"elementor-custom-embed\">\n\t\t\t<iframe loading=\"lazy\"\n\t\t\t\t\tsrc=\"https:\/\/maps.google.com\/maps?q=Cardboard-expert&#038;t=m&#038;z=10&#038;output=embed&#038;iwloc=near\"\n\t\t\t\t\ttitle=\"Cardboard-expert\"\n\t\t\t\t\taria-label=\"Cardboard-expert\"\n\t\t\t><\/iframe>\n\t\t<\/div>\n\t\t\t\t\t\t<\/div>\n\t\t\t\t<\/div>\n\t\t\t\t\t<\/div>\n\t\t<\/div>\n\t\t\t\t\t<\/div>\n\t\t<\/section>\n\t\t\t\t<\/div>\n\t\t","protected":false},"excerpt":{"rendered":"<p>Projektledare Lettland Tatjana Sharipova+371 2411 2737tatjana@packexpert.net Projektledare Export Galina Levenberg+371 2976 7888galina@packexpert.net Design och konstruktioner Tatjana Sandalane+371 2992 8831design@packexpert.net L\u00e4mna en f\u00f6rfr\u00e5gan Och vi kommer att ber\u00e4kna det slutliga priset.<\/p>\n","protected":false},"author":1,"featured_media":537,"parent":0,"menu_order":0,"comment_status":"closed","ping_status":"closed","template":"","meta":{"footnotes":""},"class_list":["post-116","page","type-page","status-publish","has-post-thumbnail","hentry"],"yoast_head":"<!-- This site is optimized with the Yoast SEO plugin v27.3 - https:\/\/yoast.com\/product\/yoast-seo-wordpress\/ -->\n<title>Kontakter<\/title>\n<meta name=\"description\" content=\"V\u00e5ra experter vill g\u00e4rna bidra med sina expertis och insikter f\u00f6r dina potentiella projekt\" \/>\n<meta name=\"robots\" content=\"noindex, follow, max-snippet:-1, max-image-preview:large, max-video-preview:-1\" \/>\n<meta property=\"og:locale\" content=\"sv_SE\" \/>\n<meta property=\"og:type\" content=\"article\" \/>\n<meta property=\"og:title\" content=\"Kontakter\" \/>\n<meta property=\"og:description\" content=\"V\u00e5ra experter vill g\u00e4rna bidra med sina expertis och insikter f\u00f6r dina potentiella projekt\" \/>\n<meta property=\"og:url\" content=\"https:\/\/cardboard-expert.com\/sv\/kontakter\/\" \/>\n<meta property=\"og:site_name\" content=\"cardboard-expert.com\" \/>\n<meta property=\"article:publisher\" content=\"https:\/\/www.facebook.com\/packexpertou\" \/>\n<meta property=\"article:modified_time\" content=\"2025-09-10T09:46:06+00:00\" \/>\n<meta property=\"og:image\" content=\"https:\/\/cardboard-expert.com\/wp-content\/uploads\/2023\/06\/favicon.webp\" \/>\n\t<meta property=\"og:image:width\" content=\"512\" \/>\n\t<meta property=\"og:image:height\" content=\"512\" \/>\n\t<meta property=\"og:image:type\" content=\"image\/webp\" \/>\n<meta name=\"twitter:card\" content=\"summary_large_image\" \/>\n<meta name=\"twitter:label1\" content=\"Ber\u00e4knad l\u00e4stid\" \/>\n\t<meta name=\"twitter:data1\" content=\"1 minut\" \/>\n<script type=\"application\/ld+json\" class=\"yoast-schema-graph\">{\"@context\":\"https:\\\/\\\/schema.org\",\"@graph\":[{\"@type\":[\"WebPage\",\"ContactPage\"],\"@id\":\"https:\\\/\\\/cardboard-expert.com\\\/sv\\\/kontakter\\\/\",\"url\":\"https:\\\/\\\/cardboard-expert.com\\\/sv\\\/kontakter\\\/\",\"name\":\"Kontakter\",\"isPartOf\":{\"@id\":\"https:\\\/\\\/cardboard-expert.com\\\/sv\\\/#website\"},\"primaryImageOfPage\":{\"@id\":\"https:\\\/\\\/cardboard-expert.com\\\/sv\\\/kontakter\\\/#primaryimage\"},\"image\":{\"@id\":\"https:\\\/\\\/cardboard-expert.com\\\/sv\\\/kontakter\\\/#primaryimage\"},\"thumbnailUrl\":\"https:\\\/\\\/cardboard-expert.com\\\/wp-content\\\/uploads\\\/2023\\\/06\\\/favicon.webp\",\"datePublished\":\"2023-07-12T12:47:17+00:00\",\"dateModified\":\"2025-09-10T09:46:06+00:00\",\"description\":\"V\u00e5ra experter vill g\u00e4rna bidra med sina expertis och insikter f\u00f6r dina potentiella projekt\",\"breadcrumb\":{\"@id\":\"https:\\\/\\\/cardboard-expert.com\\\/sv\\\/kontakter\\\/#breadcrumb\"},\"inLanguage\":\"sv-SE\",\"potentialAction\":[{\"@type\":\"ReadAction\",\"target\":[\"https:\\\/\\\/cardboard-expert.com\\\/sv\\\/kontakter\\\/\"]}]},{\"@type\":\"ImageObject\",\"inLanguage\":\"sv-SE\",\"@id\":\"https:\\\/\\\/cardboard-expert.com\\\/sv\\\/kontakter\\\/#primaryimage\",\"url\":\"https:\\\/\\\/cardboard-expert.com\\\/wp-content\\\/uploads\\\/2023\\\/06\\\/favicon.webp\",\"contentUrl\":\"https:\\\/\\\/cardboard-expert.com\\\/wp-content\\\/uploads\\\/2023\\\/06\\\/favicon.webp\",\"width\":512,\"height\":512,\"caption\":\"favicon\"},{\"@type\":\"BreadcrumbList\",\"@id\":\"https:\\\/\\\/cardboard-expert.com\\\/sv\\\/kontakter\\\/#breadcrumb\",\"itemListElement\":[{\"@type\":\"ListItem\",\"position\":1,\"name\":\"Startsida\",\"item\":\"https:\\\/\\\/cardboard-expert.com\\\/sv\\\/\"},{\"@type\":\"ListItem\",\"position\":2,\"name\":\"Kontakter\"}]},{\"@type\":\"WebSite\",\"@id\":\"https:\\\/\\\/cardboard-expert.com\\\/sv\\\/#website\",\"url\":\"https:\\\/\\\/cardboard-expert.com\\\/sv\\\/\",\"name\":\"cardboard-expert.com\",\"description\":\"\",\"publisher\":{\"@id\":\"https:\\\/\\\/cardboard-expert.com\\\/sv\\\/#organization\"},\"potentialAction\":[{\"@type\":\"SearchAction\",\"target\":{\"@type\":\"EntryPoint\",\"urlTemplate\":\"https:\\\/\\\/cardboard-expert.com\\\/sv\\\/?s={search_term_string}\"},\"query-input\":{\"@type\":\"PropertyValueSpecification\",\"valueRequired\":true,\"valueName\":\"search_term_string\"}}],\"inLanguage\":\"sv-SE\"},{\"@type\":\"Organization\",\"@id\":\"https:\\\/\\\/cardboard-expert.com\\\/sv\\\/#organization\",\"name\":\"cardboard-expert.com\",\"url\":\"https:\\\/\\\/cardboard-expert.com\\\/sv\\\/\",\"logo\":{\"@type\":\"ImageObject\",\"inLanguage\":\"sv-SE\",\"@id\":\"https:\\\/\\\/cardboard-expert.com\\\/sv\\\/#\\\/schema\\\/logo\\\/image\\\/\",\"url\":\"https:\\\/\\\/cardboard-expert.com\\\/wp-content\\\/uploads\\\/2023\\\/06\\\/logo_white.webp\",\"contentUrl\":\"https:\\\/\\\/cardboard-expert.com\\\/wp-content\\\/uploads\\\/2023\\\/06\\\/logo_white.webp\",\"width\":2000,\"height\":550,\"caption\":\"cardboard-expert.com\"},\"image\":{\"@id\":\"https:\\\/\\\/cardboard-expert.com\\\/sv\\\/#\\\/schema\\\/logo\\\/image\\\/\"},\"sameAs\":[\"https:\\\/\\\/www.facebook.com\\\/packexpertou\",\"https:\\\/\\\/www.instagram.com\\\/packexpertoufiliale\\\/\",\"https:\\\/\\\/www.linkedin.com\\\/company\\\/pack-expert-ou\\\/\",\"https:\\\/\\\/www.pinterest.com\\\/packexpert\\\/\",\"https:\\\/\\\/www.youtube.com\\\/@packexpert\"]}]}<\/script>\n<!-- \/ Yoast SEO plugin. -->","yoast_head_json":{"title":"Kontakter","description":"V\u00e5ra experter vill g\u00e4rna bidra med sina expertis och insikter f\u00f6r dina potentiella projekt","robots":{"index":"noindex","follow":"follow","max-snippet":"max-snippet:-1","max-image-preview":"max-image-preview:large","max-video-preview":"max-video-preview:-1"},"og_locale":"sv_SE","og_type":"article","og_title":"Kontakter","og_description":"V\u00e5ra experter vill g\u00e4rna bidra med sina expertis och insikter f\u00f6r dina potentiella projekt","og_url":"https:\/\/cardboard-expert.com\/sv\/kontakter\/","og_site_name":"cardboard-expert.com","article_publisher":"https:\/\/www.facebook.com\/packexpertou","article_modified_time":"2025-09-10T09:46:06+00:00","og_image":[{"width":512,"height":512,"url":"https:\/\/cardboard-expert.com\/wp-content\/uploads\/2023\/06\/favicon.webp","type":"image\/webp"}],"twitter_card":"summary_large_image","twitter_misc":{"Ber\u00e4knad l\u00e4stid":"1 minut"},"schema":{"@context":"https:\/\/schema.org","@graph":[{"@type":["WebPage","ContactPage"],"@id":"https:\/\/cardboard-expert.com\/sv\/kontakter\/","url":"https:\/\/cardboard-expert.com\/sv\/kontakter\/","name":"Kontakter","isPartOf":{"@id":"https:\/\/cardboard-expert.com\/sv\/#website"},"primaryImageOfPage":{"@id":"https:\/\/cardboard-expert.com\/sv\/kontakter\/#primaryimage"},"image":{"@id":"https:\/\/cardboard-expert.com\/sv\/kontakter\/#primaryimage"},"thumbnailUrl":"https:\/\/cardboard-expert.com\/wp-content\/uploads\/2023\/06\/favicon.webp","datePublished":"2023-07-12T12:47:17+00:00","dateModified":"2025-09-10T09:46:06+00:00","description":"V\u00e5ra experter vill g\u00e4rna bidra med sina expertis och insikter f\u00f6r dina potentiella projekt","breadcrumb":{"@id":"https:\/\/cardboard-expert.com\/sv\/kontakter\/#breadcrumb"},"inLanguage":"sv-SE","potentialAction":[{"@type":"ReadAction","target":["https:\/\/cardboard-expert.com\/sv\/kontakter\/"]}]},{"@type":"ImageObject","inLanguage":"sv-SE","@id":"https:\/\/cardboard-expert.com\/sv\/kontakter\/#primaryimage","url":"https:\/\/cardboard-expert.com\/wp-content\/uploads\/2023\/06\/favicon.webp","contentUrl":"https:\/\/cardboard-expert.com\/wp-content\/uploads\/2023\/06\/favicon.webp","width":512,"height":512,"caption":"favicon"},{"@type":"BreadcrumbList","@id":"https:\/\/cardboard-expert.com\/sv\/kontakter\/#breadcrumb","itemListElement":[{"@type":"ListItem","position":1,"name":"Startsida","item":"https:\/\/cardboard-expert.com\/sv\/"},{"@type":"ListItem","position":2,"name":"Kontakter"}]},{"@type":"WebSite","@id":"https:\/\/cardboard-expert.com\/sv\/#website","url":"https:\/\/cardboard-expert.com\/sv\/","name":"cardboard-expert.com","description":"","publisher":{"@id":"https:\/\/cardboard-expert.com\/sv\/#organization"},"potentialAction":[{"@type":"SearchAction","target":{"@type":"EntryPoint","urlTemplate":"https:\/\/cardboard-expert.com\/sv\/?s={search_term_string}"},"query-input":{"@type":"PropertyValueSpecification","valueRequired":true,"valueName":"search_term_string"}}],"inLanguage":"sv-SE"},{"@type":"Organization","@id":"https:\/\/cardboard-expert.com\/sv\/#organization","name":"cardboard-expert.com","url":"https:\/\/cardboard-expert.com\/sv\/","logo":{"@type":"ImageObject","inLanguage":"sv-SE","@id":"https:\/\/cardboard-expert.com\/sv\/#\/schema\/logo\/image\/","url":"https:\/\/cardboard-expert.com\/wp-content\/uploads\/2023\/06\/logo_white.webp","contentUrl":"https:\/\/cardboard-expert.com\/wp-content\/uploads\/2023\/06\/logo_white.webp","width":2000,"height":550,"caption":"cardboard-expert.com"},"image":{"@id":"https:\/\/cardboard-expert.com\/sv\/#\/schema\/logo\/image\/"},"sameAs":["https:\/\/www.facebook.com\/packexpertou","https:\/\/www.instagram.com\/packexpertoufiliale\/","https:\/\/www.linkedin.com\/company\/pack-expert-ou\/","https:\/\/www.pinterest.com\/packexpert\/","https:\/\/www.youtube.com\/@packexpert"]}]}},"_links":{"self":[{"href":"https:\/\/cardboard-expert.com\/sv\/wp-json\/wp\/v2\/pages\/116","targetHints":{"allow":["GET"]}}],"collection":[{"href":"https:\/\/cardboard-expert.com\/sv\/wp-json\/wp\/v2\/pages"}],"about":[{"href":"https:\/\/cardboard-expert.com\/sv\/wp-json\/wp\/v2\/types\/page"}],"author":[{"embeddable":true,"href":"https:\/\/cardboard-expert.com\/sv\/wp-json\/wp\/v2\/users\/1"}],"replies":[{"embeddable":true,"href":"https:\/\/cardboard-expert.com\/sv\/wp-json\/wp\/v2\/comments?post=116"}],"version-history":[{"count":63,"href":"https:\/\/cardboard-expert.com\/sv\/wp-json\/wp\/v2\/pages\/116\/revisions"}],"predecessor-version":[{"id":4782,"href":"https:\/\/cardboard-expert.com\/sv\/wp-json\/wp\/v2\/pages\/116\/revisions\/4782"}],"wp:featuredmedia":[{"embeddable":true,"href":"https:\/\/cardboard-expert.com\/sv\/wp-json\/wp\/v2\/media\/537"}],"wp:attachment":[{"href":"https:\/\/cardboard-expert.com\/sv\/wp-json\/wp\/v2\/media?parent=116"}],"curies":[{"name":"wp","href":"https:\/\/api.w.org\/{rel}","templated":true}]}}