{"id":4821,"date":"2024-07-16T15:01:56","date_gmt":"2024-07-16T12:01:56","guid":{"rendered":"https:\/\/cardboard-expert.com\/hvordan-bestille-2\/"},"modified":"2025-09-15T17:22:06","modified_gmt":"2025-09-15T14:22:06","slug":"hvordan-bestille-2","status":"publish","type":"page","link":"https:\/\/cardboard-expert.com\/no\/hvordan-bestille-2\/","title":{"rendered":"Hvordan bestille"},"content":{"rendered":"\t\t<div data-elementor-type=\"wp-post\" data-elementor-id=\"4821\" class=\"elementor elementor-4821 elementor-2834\" data-elementor-post-type=\"page\">\n\t\t\t\t\t\t<section class=\"elementor-section elementor-top-section elementor-element elementor-element-9ddc8f2 elementor-section-boxed elementor-section-height-default elementor-section-height-default\" data-id=\"9ddc8f2\" data-element_type=\"section\" data-e-type=\"section\">\n\t\t\t\t\t\t<div class=\"elementor-container elementor-column-gap-default\">\n\t\t\t\t\t<div class=\"elementor-column elementor-col-100 elementor-top-column elementor-element elementor-element-a5c4b26\" data-id=\"a5c4b26\" data-element_type=\"column\" data-e-type=\"column\">\n\t\t\t<div class=\"elementor-widget-wrap elementor-element-populated\">\n\t\t\t\t\t\t<div class=\"elementor-element elementor-element-477f14f elementor-widget elementor-widget-text-editor\" data-id=\"477f14f\" data-element_type=\"widget\" data-e-type=\"widget\" data-widget_type=\"text-editor.default\">\n\t\t\t\t<div class=\"elementor-widget-container\">\n\t\t\t\t\t\t\t\t\t<p>Kundenes bestillingsprosess for kartongemballasje best\u00e5r av f\u00f8lgende trinn:<\/p>\t\t\t\t\t\t\t\t<\/div>\n\t\t\t\t<\/div>\n\t\t\t\t<div class=\"elementor-element elementor-element-a06bfbd elementor-invisible elementor-widget elementor-widget-accordion\" data-id=\"a06bfbd\" data-element_type=\"widget\" data-e-type=\"widget\" data-settings=\"{&quot;_animation&quot;:&quot;fadeIn&quot;}\" data-widget_type=\"accordion.default\">\n\t\t\t\t<div class=\"elementor-widget-container\">\n\t\t\t\t\t\t\t<div class=\"elementor-accordion\">\n\t\t\t\t\t\t\t<div class=\"elementor-accordion-item\">\n\t\t\t\t\t<h3 id=\"elementor-tab-title-1681\" class=\"elementor-tab-title\" data-tab=\"1\" role=\"button\" aria-controls=\"elementor-tab-content-1681\" aria-expanded=\"false\">\n\t\t\t\t\t\t\t\t\t\t\t\t<a class=\"elementor-accordion-title\" tabindex=\"0\">1. Innsamling av informasjon om kundens behov:<\/a>\n\t\t\t\t\t<\/h3>\n\t\t\t\t\t<div id=\"elementor-tab-content-1681\" class=\"elementor-tab-content elementor-clearfix\" data-tab=\"1\" role=\"region\" aria-labelledby=\"elementor-tab-title-1681\"><p>\u2022 Kunden gir informasjon om sin n\u00e5v\u00e6rende emballasje eller beskriver behovene for en ny emballasje.<br data-start=\"148\" data-end=\"151\" \/>\u2022 N\u00f8dvendige opplysninger inkluderer materialer, dimensjoner, form, spesielle designfunksjoner, krav til holdbarhet, design osv. Bilder av emballasjen er sv\u00e6rt nyttige i denne fasen.<\/p><\/div>\n\t\t\t\t<\/div>\n\t\t\t\t\t\t\t\t<\/div>\n\t\t\t\t\t\t<\/div>\n\t\t\t\t<\/div>\n\t\t\t\t<div class=\"elementor-element elementor-element-bf67dad elementor-invisible elementor-widget elementor-widget-accordion\" data-id=\"bf67dad\" data-element_type=\"widget\" data-e-type=\"widget\" data-settings=\"{&quot;_animation&quot;:&quot;fadeIn&quot;}\" data-widget_type=\"accordion.default\">\n\t\t\t\t<div class=\"elementor-widget-container\">\n\t\t\t\t\t\t\t<div class=\"elementor-accordion\">\n\t\t\t\t\t\t\t<div class=\"elementor-accordion-item\">\n\t\t\t\t\t<h3 id=\"elementor-tab-title-2001\" class=\"elementor-tab-title\" data-tab=\"1\" role=\"button\" aria-controls=\"elementor-tab-content-2001\" aria-expanded=\"false\">\n\t\t\t\t\t\t\t\t\t\t\t\t<a class=\"elementor-accordion-title\" tabindex=\"0\">2. Teknisk forslag eller overf\u00f8ring av prosjektet til design- og kostnadsavdelingen:<\/a>\n\t\t\t\t\t<\/h3>\n\t\t\t\t\t<div id=\"elementor-tab-content-2001\" class=\"elementor-tab-content elementor-clearfix\" data-tab=\"1\" role=\"region\" aria-labelledby=\"elementor-tab-title-2001\"><div class=\"timeline-item-wrapper \"><div class=\"timeline-content\"><ul><li data-start=\"50\" data-end=\"156\"><p data-start=\"53\" data-end=\"156\"><strong data-start=\"53\" data-end=\"154\">V\u00e5r spesialist analyserer informasjonen som kunden har gitt og foresl\u00e5r flere tekniske l\u00f8sninger.<\/strong><\/p><\/li><li data-start=\"157\" data-end=\"319\"><p data-start=\"160\" data-end=\"319\"><strong data-start=\"160\" data-end=\"317\">Ved behov, eller p\u00e5 grunn av prosjektets kompleksitet, kan det kreves tilleggsinformasjon fra kunden. I s\u00e5 fall vil v\u00e5r spesialist ta kontakt med kunden.<\/strong><\/p><\/li><li data-start=\"320\" data-end=\"456\"><p data-start=\"323\" data-end=\"456\"><strong data-start=\"323\" data-end=\"454\">Prosjektet overf\u00f8res til design- og kostnadsavdelingen for n\u00f8yaktige beregninger og utvikling av en passende emballasjel\u00f8sning.<\/strong><\/p><\/li><\/ul><\/div><\/div><\/div>\n\t\t\t\t<\/div>\n\t\t\t\t\t\t\t\t<\/div>\n\t\t\t\t\t\t<\/div>\n\t\t\t\t<\/div>\n\t\t\t\t<div class=\"elementor-element elementor-element-c438e50 elementor-invisible elementor-widget elementor-widget-accordion\" data-id=\"c438e50\" data-element_type=\"widget\" data-e-type=\"widget\" data-settings=\"{&quot;_animation&quot;:&quot;fadeIn&quot;}\" data-widget_type=\"accordion.default\">\n\t\t\t\t<div class=\"elementor-widget-container\">\n\t\t\t\t\t\t\t<div class=\"elementor-accordion\">\n\t\t\t\t\t\t\t<div class=\"elementor-accordion-item\">\n\t\t\t\t\t<h3 id=\"elementor-tab-title-2051\" class=\"elementor-tab-title\" data-tab=\"1\" role=\"button\" aria-controls=\"elementor-tab-content-2051\" aria-expanded=\"false\">\n\t\t\t\t\t\t\t\t\t\t\t\t<a class=\"elementor-accordion-title\" tabindex=\"0\">3. Koordinering av pr\u00f8ver og betingelser med kunden:<\/a>\n\t\t\t\t\t<\/h3>\n\t\t\t\t\t<div id=\"elementor-tab-content-2051\" class=\"elementor-tab-content elementor-clearfix\" data-tab=\"1\" role=\"region\" aria-labelledby=\"elementor-tab-title-2051\"><div class=\"timeline-item\"><div class=\"timeline-item-wrapper \"><div class=\"timeline-content\"><ul><li data-start=\"47\" data-end=\"197\"><p data-start=\"50\" data-end=\"197\"><strong data-start=\"50\" data-end=\"195\">N\u00e5r kunden har valgt den foresl\u00e5tte l\u00f8sningen, kan vi sende pr\u00f8ver av materialet og selve emballasjen for kundens godkjenning og bekreftelse.<\/strong><\/p><\/li><li data-start=\"198\" data-end=\"307\"><p data-start=\"201\" data-end=\"307\"><strong data-start=\"201\" data-end=\"305\">Kunden har mulighet til \u00e5 vurdere materialets kvalitet, brukervennlighet og om kravene blir oppfylt.<\/strong><\/p><\/li><li data-start=\"308\" data-end=\"406\"><p data-start=\"311\" data-end=\"406\"><strong data-start=\"311\" data-end=\"404\">Hvis kunden er forn\u00f8yd med pr\u00f8vene og den tilbudte prisen, g\u00e5r vi videre til neste trinn.<\/strong><\/p><\/li><\/ul><\/div><\/div><\/div><\/div>\n\t\t\t\t<\/div>\n\t\t\t\t\t\t\t\t<\/div>\n\t\t\t\t\t\t<\/div>\n\t\t\t\t<\/div>\n\t\t\t\t<div class=\"elementor-element elementor-element-6f1af15 elementor-widget__width-initial elementor-invisible elementor-widget elementor-widget-accordion\" data-id=\"6f1af15\" data-element_type=\"widget\" data-e-type=\"widget\" data-settings=\"{&quot;_animation&quot;:&quot;fadeIn&quot;}\" data-widget_type=\"accordion.default\">\n\t\t\t\t<div class=\"elementor-widget-container\">\n\t\t\t\t\t\t\t<div class=\"elementor-accordion\">\n\t\t\t\t\t\t\t<div class=\"elementor-accordion-item\">\n\t\t\t\t\t<h3 id=\"elementor-tab-title-1161\" class=\"elementor-tab-title\" data-tab=\"1\" role=\"button\" aria-controls=\"elementor-tab-content-1161\" aria-expanded=\"false\">\n\t\t\t\t\t\t\t\t\t\t\t\t<a class=\"elementor-accordion-title\" tabindex=\"0\">4. Koordinering av produksjonstider og betalingsbetingelser:<\/a>\n\t\t\t\t\t<\/h3>\n\t\t\t\t\t<div id=\"elementor-tab-content-1161\" class=\"elementor-tab-content elementor-clearfix\" data-tab=\"1\" role=\"region\" aria-labelledby=\"elementor-tab-title-1161\"><ul><li><strong>Keskustelemme asiakkaan kanssa pakkaustuotannon aikarajoista ottaen huomioon tarvittavan m\u00e4\u00e4r\u00e4n ja projektin monimutkaisuuden.<\/strong><\/li><li><strong>Maksuehdot ja muut taloudelliset asiat sovitaan my\u00f6s.<\/strong><\/li><li><strong>Kun tilaus on vastaanotettu ja kaikki ehdot on sovittu asiakkaan kanssa, siirrymme pakkausten tuotantoon.<\/strong><\/li><\/ul><p><strong>Koko tilaamisprosessi on keskittynyt korkealaatuiseen pakkaamiseen, asiakastyytyv\u00e4isyyteen ja tuotannon aikarajoihin.<\/strong><\/p><\/div>\n\t\t\t\t<\/div>\n\t\t\t\t\t\t\t\t<\/div>\n\t\t\t\t\t\t<\/div>\n\t\t\t\t<\/div>\n\t\t\t\t\t<\/div>\n\t\t<\/div>\n\t\t\t\t\t<\/div>\n\t\t<\/section>\n\t\t\t\t<section class=\"elementor-section elementor-top-section elementor-element elementor-element-60a24c5 elementor-section-boxed elementor-section-height-default elementor-section-height-default\" data-id=\"60a24c5\" data-element_type=\"section\" data-e-type=\"section\">\n\t\t\t\t\t\t<div class=\"elementor-container elementor-column-gap-default\">\n\t\t\t\t\t<div class=\"elementor-column elementor-col-33 elementor-top-column elementor-element elementor-element-0d643e7\" data-id=\"0d643e7\" data-element_type=\"column\" data-e-type=\"column\">\n\t\t\t<div class=\"elementor-widget-wrap\">\n\t\t\t\t\t\t\t<\/div>\n\t\t<\/div>\n\t\t\t\t<div class=\"elementor-column elementor-col-33 elementor-top-column elementor-element elementor-element-63526bd\" data-id=\"63526bd\" data-element_type=\"column\" data-e-type=\"column\">\n\t\t\t<div class=\"elementor-widget-wrap elementor-element-populated\">\n\t\t\t\t\t\t<div class=\"elementor-element elementor-element-1ff7f60 elementor-widget elementor-widget-pressmart_contactus\" data-id=\"1ff7f60\" data-element_type=\"widget\" data-e-type=\"widget\" data-widget_type=\"pressmart_contactus.default\">\n\t\t\t\t<div class=\"elementor-widget-container\">\n\t\t\t\t\t<div class=\"pressmart-element pressmart-contact-us shape-square\">\n\t\t<h3> Contact Us <\/h3>\n\t\n<div class=\"wpcf7 no-js\" id=\"wpcf7-f2894-o1\" lang=\"nb-NO\" dir=\"ltr\" data-wpcf7-id=\"2894\">\n<div class=\"screen-reader-response\"><p role=\"status\" aria-live=\"polite\" aria-atomic=\"true\"><\/p> <ul><\/ul><\/div>\n<form action=\"\/no\/wp-json\/wp\/v2\/pages\/4821#wpcf7-f2894-o1\" method=\"post\" class=\"wpcf7-form init\" aria-label=\"Kontaktskjema\" novalidate=\"novalidate\" data-status=\"init\">\n<fieldset class=\"hidden-fields-container\"><input type=\"hidden\" name=\"_wpcf7\" value=\"2894\" \/><input type=\"hidden\" name=\"_wpcf7_version\" value=\"6.1.5\" \/><input type=\"hidden\" name=\"_wpcf7_locale\" value=\"nb_NO\" \/><input type=\"hidden\" name=\"_wpcf7_unit_tag\" value=\"wpcf7-f2894-o1\" \/><input type=\"hidden\" name=\"_wpcf7_container_post\" value=\"0\" \/><input type=\"hidden\" name=\"_wpcf7_posted_data_hash\" value=\"\" \/><input type=\"hidden\" name=\"_wpcf7_recaptcha_response\" value=\"\" \/>\n<\/fieldset>\n<p><label> Din e-post<br \/>\n<span class=\"wpcf7-form-control-wrap\" data-name=\"your-email\"><input size=\"40\" maxlength=\"400\" class=\"wpcf7-form-control wpcf7-email wpcf7-validates-as-required wpcf7-text wpcf7-validates-as-email\" autocomplete=\"email\" aria-required=\"true\" aria-invalid=\"false\" value=\"\" type=\"email\" name=\"your-email\" \/><\/span> <\/label>\n<\/p>\n<p><label> Din melding<br \/>\n<span class=\"wpcf7-form-control-wrap\" data-name=\"your-message\"><textarea cols=\"40\" rows=\"10\" maxlength=\"2000\" class=\"wpcf7-form-control wpcf7-textarea\" aria-invalid=\"false\" name=\"your-message\"><\/textarea><\/span> <\/label>\n<\/p>\n<p><span class=\"wpcf7-form-control-wrap\" data-name=\"acceptance-49\"><span class=\"wpcf7-form-control wpcf7-acceptance\"><span class=\"wpcf7-list-item\"><label><input type=\"checkbox\" name=\"acceptance-49\" value=\"1\" aria-invalid=\"false\" \/><span class=\"wpcf7-list-item-label\">Jeg bekrefter at jeg har lest og godtar nettstedets regler. <a href=\"https:\/\/cardboard-expert.com\/en\/privacy-policy\/\" target=\"_blank\">Personvernregler<\/a><\/span><\/label><\/span><\/span><\/span>\n<\/p>\n<p><input class=\"wpcf7-form-control wpcf7-submit has-spinner\" type=\"submit\" value=\"Send\" \/>\n<\/p><div class=\"wpcf7-response-output\" aria-hidden=\"true\"><\/div>\n<\/form>\n<\/div>\n<\/div>\t\t\t\t<\/div>\n\t\t\t\t<\/div>\n\t\t\t\t\t<\/div>\n\t\t<\/div>\n\t\t\t\t<div class=\"elementor-column elementor-col-33 elementor-top-column elementor-element elementor-element-0e18b6a\" data-id=\"0e18b6a\" data-element_type=\"column\" data-e-type=\"column\">\n\t\t\t<div class=\"elementor-widget-wrap\">\n\t\t\t\t\t\t\t<\/div>\n\t\t<\/div>\n\t\t\t\t\t<\/div>\n\t\t<\/section>\n\t\t\t\t<\/div>\n\t\t","protected":false},"excerpt":{"rendered":"<p>Kundenes bestillingsprosess for kartongemballasje best\u00e5r av f\u00f8lgende trinn: 1. Innsamling av informasjon om kundens behov: \u2022 Kunden gir informasjon om sin n\u00e5v\u00e6rende emballasje eller beskriver behovene for en ny emballasje.\u2022<\/p>\n","protected":false},"author":1,"featured_media":3509,"parent":0,"menu_order":0,"comment_status":"closed","ping_status":"closed","template":"","meta":{"footnotes":""},"class_list":["post-4821","page","type-page","status-publish","has-post-thumbnail","hentry"],"yoast_head":"<!-- This site is optimized with the Yoast SEO plugin v27.3 - https:\/\/yoast.com\/product\/yoast-seo-wordpress\/ -->\n<title>Hvordan bestille - cardboard-expert.com<\/title>\n<meta name=\"description\" content=\"Kundenes bestillingsprosess for kartongemballasje best\u00e5r av f\u00f8lgende trinn:\" \/>\n<meta name=\"robots\" content=\"noindex, follow, max-snippet:-1, max-image-preview:large, max-video-preview:-1\" \/>\n<meta property=\"og:locale\" content=\"nb_NO\" \/>\n<meta property=\"og:type\" content=\"article\" \/>\n<meta property=\"og:title\" content=\"Hvordan bestille - cardboard-expert.com\" \/>\n<meta property=\"og:description\" content=\"Kundenes bestillingsprosess for kartongemballasje best\u00e5r av f\u00f8lgende trinn:\" \/>\n<meta property=\"og:url\" content=\"https:\/\/cardboard-expert.com\/no\/hvordan-bestille-2\/\" \/>\n<meta property=\"og:site_name\" content=\"cardboard-expert.com\" \/>\n<meta property=\"article:publisher\" content=\"https:\/\/www.facebook.com\/packexpertou\" \/>\n<meta property=\"article:modified_time\" content=\"2025-09-15T14:22:06+00:00\" \/>\n<meta property=\"og:image\" content=\"https:\/\/cardboard-expert.com\/wp-content\/uploads\/2023\/06\/favicon.webp\" \/>\n\t<meta property=\"og:image:width\" content=\"512\" \/>\n\t<meta property=\"og:image:height\" content=\"512\" \/>\n\t<meta property=\"og:image:type\" content=\"image\/webp\" \/>\n<meta name=\"twitter:card\" content=\"summary_large_image\" \/>\n<meta name=\"twitter:label1\" content=\"Ansl. lesetid\" \/>\n\t<meta name=\"twitter:data1\" content=\"2 minutter\" \/>\n<script type=\"application\/ld+json\" class=\"yoast-schema-graph\">{\"@context\":\"https:\\\/\\\/schema.org\",\"@graph\":[{\"@type\":\"WebPage\",\"@id\":\"https:\\\/\\\/cardboard-expert.com\\\/no\\\/hvordan-bestille-2\\\/\",\"url\":\"https:\\\/\\\/cardboard-expert.com\\\/no\\\/hvordan-bestille-2\\\/\",\"name\":\"Hvordan bestille - cardboard-expert.com\",\"isPartOf\":{\"@id\":\"https:\\\/\\\/cardboard-expert.com\\\/no\\\/#website\"},\"primaryImageOfPage\":{\"@id\":\"https:\\\/\\\/cardboard-expert.com\\\/no\\\/hvordan-bestille-2\\\/#primaryimage\"},\"image\":{\"@id\":\"https:\\\/\\\/cardboard-expert.com\\\/no\\\/hvordan-bestille-2\\\/#primaryimage\"},\"thumbnailUrl\":\"https:\\\/\\\/cardboard-expert.com\\\/wp-content\\\/uploads\\\/2023\\\/06\\\/favicon.webp\",\"datePublished\":\"2024-07-16T12:01:56+00:00\",\"dateModified\":\"2025-09-15T14:22:06+00:00\",\"description\":\"Kundenes bestillingsprosess for kartongemballasje best\u00e5r av f\u00f8lgende trinn:\",\"breadcrumb\":{\"@id\":\"https:\\\/\\\/cardboard-expert.com\\\/no\\\/hvordan-bestille-2\\\/#breadcrumb\"},\"inLanguage\":\"nb-NO\",\"potentialAction\":[{\"@type\":\"ReadAction\",\"target\":[\"https:\\\/\\\/cardboard-expert.com\\\/no\\\/hvordan-bestille-2\\\/\"]}]},{\"@type\":\"ImageObject\",\"inLanguage\":\"nb-NO\",\"@id\":\"https:\\\/\\\/cardboard-expert.com\\\/no\\\/hvordan-bestille-2\\\/#primaryimage\",\"url\":\"https:\\\/\\\/cardboard-expert.com\\\/wp-content\\\/uploads\\\/2023\\\/06\\\/favicon.webp\",\"contentUrl\":\"https:\\\/\\\/cardboard-expert.com\\\/wp-content\\\/uploads\\\/2023\\\/06\\\/favicon.webp\",\"width\":512,\"height\":512,\"caption\":\"favicon\"},{\"@type\":\"BreadcrumbList\",\"@id\":\"https:\\\/\\\/cardboard-expert.com\\\/no\\\/hvordan-bestille-2\\\/#breadcrumb\",\"itemListElement\":[{\"@type\":\"ListItem\",\"position\":1,\"name\":\"Hjem\",\"item\":\"https:\\\/\\\/cardboard-expert.com\\\/no\\\/\"},{\"@type\":\"ListItem\",\"position\":2,\"name\":\"Hvordan bestille\"}]},{\"@type\":\"WebSite\",\"@id\":\"https:\\\/\\\/cardboard-expert.com\\\/no\\\/#website\",\"url\":\"https:\\\/\\\/cardboard-expert.com\\\/no\\\/\",\"name\":\"cardboard-expert.com\",\"description\":\"\",\"publisher\":{\"@id\":\"https:\\\/\\\/cardboard-expert.com\\\/no\\\/#organization\"},\"potentialAction\":[{\"@type\":\"SearchAction\",\"target\":{\"@type\":\"EntryPoint\",\"urlTemplate\":\"https:\\\/\\\/cardboard-expert.com\\\/no\\\/?s={search_term_string}\"},\"query-input\":{\"@type\":\"PropertyValueSpecification\",\"valueRequired\":true,\"valueName\":\"search_term_string\"}}],\"inLanguage\":\"nb-NO\"},{\"@type\":\"Organization\",\"@id\":\"https:\\\/\\\/cardboard-expert.com\\\/no\\\/#organization\",\"name\":\"cardboard-expert.com\",\"url\":\"https:\\\/\\\/cardboard-expert.com\\\/no\\\/\",\"logo\":{\"@type\":\"ImageObject\",\"inLanguage\":\"nb-NO\",\"@id\":\"https:\\\/\\\/cardboard-expert.com\\\/no\\\/#\\\/schema\\\/logo\\\/image\\\/\",\"url\":\"https:\\\/\\\/cardboard-expert.com\\\/wp-content\\\/uploads\\\/2023\\\/06\\\/logo_white.webp\",\"contentUrl\":\"https:\\\/\\\/cardboard-expert.com\\\/wp-content\\\/uploads\\\/2023\\\/06\\\/logo_white.webp\",\"width\":2000,\"height\":550,\"caption\":\"cardboard-expert.com\"},\"image\":{\"@id\":\"https:\\\/\\\/cardboard-expert.com\\\/no\\\/#\\\/schema\\\/logo\\\/image\\\/\"},\"sameAs\":[\"https:\\\/\\\/www.facebook.com\\\/packexpertou\",\"https:\\\/\\\/www.instagram.com\\\/packexpertoufiliale\\\/\",\"https:\\\/\\\/www.linkedin.com\\\/company\\\/pack-expert-ou\\\/\",\"https:\\\/\\\/www.pinterest.com\\\/packexpert\\\/\",\"https:\\\/\\\/www.youtube.com\\\/@packexpert\"]}]}<\/script>\n<!-- \/ Yoast SEO plugin. -->","yoast_head_json":{"title":"Hvordan bestille - cardboard-expert.com","description":"Kundenes bestillingsprosess for kartongemballasje best\u00e5r av f\u00f8lgende trinn:","robots":{"index":"noindex","follow":"follow","max-snippet":"max-snippet:-1","max-image-preview":"max-image-preview:large","max-video-preview":"max-video-preview:-1"},"og_locale":"nb_NO","og_type":"article","og_title":"Hvordan bestille - cardboard-expert.com","og_description":"Kundenes bestillingsprosess for kartongemballasje best\u00e5r av f\u00f8lgende trinn:","og_url":"https:\/\/cardboard-expert.com\/no\/hvordan-bestille-2\/","og_site_name":"cardboard-expert.com","article_publisher":"https:\/\/www.facebook.com\/packexpertou","article_modified_time":"2025-09-15T14:22:06+00:00","og_image":[{"width":512,"height":512,"url":"https:\/\/cardboard-expert.com\/wp-content\/uploads\/2023\/06\/favicon.webp","type":"image\/webp"}],"twitter_card":"summary_large_image","twitter_misc":{"Ansl. lesetid":"2 minutter"},"schema":{"@context":"https:\/\/schema.org","@graph":[{"@type":"WebPage","@id":"https:\/\/cardboard-expert.com\/no\/hvordan-bestille-2\/","url":"https:\/\/cardboard-expert.com\/no\/hvordan-bestille-2\/","name":"Hvordan bestille - cardboard-expert.com","isPartOf":{"@id":"https:\/\/cardboard-expert.com\/no\/#website"},"primaryImageOfPage":{"@id":"https:\/\/cardboard-expert.com\/no\/hvordan-bestille-2\/#primaryimage"},"image":{"@id":"https:\/\/cardboard-expert.com\/no\/hvordan-bestille-2\/#primaryimage"},"thumbnailUrl":"https:\/\/cardboard-expert.com\/wp-content\/uploads\/2023\/06\/favicon.webp","datePublished":"2024-07-16T12:01:56+00:00","dateModified":"2025-09-15T14:22:06+00:00","description":"Kundenes bestillingsprosess for kartongemballasje best\u00e5r av f\u00f8lgende trinn:","breadcrumb":{"@id":"https:\/\/cardboard-expert.com\/no\/hvordan-bestille-2\/#breadcrumb"},"inLanguage":"nb-NO","potentialAction":[{"@type":"ReadAction","target":["https:\/\/cardboard-expert.com\/no\/hvordan-bestille-2\/"]}]},{"@type":"ImageObject","inLanguage":"nb-NO","@id":"https:\/\/cardboard-expert.com\/no\/hvordan-bestille-2\/#primaryimage","url":"https:\/\/cardboard-expert.com\/wp-content\/uploads\/2023\/06\/favicon.webp","contentUrl":"https:\/\/cardboard-expert.com\/wp-content\/uploads\/2023\/06\/favicon.webp","width":512,"height":512,"caption":"favicon"},{"@type":"BreadcrumbList","@id":"https:\/\/cardboard-expert.com\/no\/hvordan-bestille-2\/#breadcrumb","itemListElement":[{"@type":"ListItem","position":1,"name":"Hjem","item":"https:\/\/cardboard-expert.com\/no\/"},{"@type":"ListItem","position":2,"name":"Hvordan bestille"}]},{"@type":"WebSite","@id":"https:\/\/cardboard-expert.com\/no\/#website","url":"https:\/\/cardboard-expert.com\/no\/","name":"cardboard-expert.com","description":"","publisher":{"@id":"https:\/\/cardboard-expert.com\/no\/#organization"},"potentialAction":[{"@type":"SearchAction","target":{"@type":"EntryPoint","urlTemplate":"https:\/\/cardboard-expert.com\/no\/?s={search_term_string}"},"query-input":{"@type":"PropertyValueSpecification","valueRequired":true,"valueName":"search_term_string"}}],"inLanguage":"nb-NO"},{"@type":"Organization","@id":"https:\/\/cardboard-expert.com\/no\/#organization","name":"cardboard-expert.com","url":"https:\/\/cardboard-expert.com\/no\/","logo":{"@type":"ImageObject","inLanguage":"nb-NO","@id":"https:\/\/cardboard-expert.com\/no\/#\/schema\/logo\/image\/","url":"https:\/\/cardboard-expert.com\/wp-content\/uploads\/2023\/06\/logo_white.webp","contentUrl":"https:\/\/cardboard-expert.com\/wp-content\/uploads\/2023\/06\/logo_white.webp","width":2000,"height":550,"caption":"cardboard-expert.com"},"image":{"@id":"https:\/\/cardboard-expert.com\/no\/#\/schema\/logo\/image\/"},"sameAs":["https:\/\/www.facebook.com\/packexpertou","https:\/\/www.instagram.com\/packexpertoufiliale\/","https:\/\/www.linkedin.com\/company\/pack-expert-ou\/","https:\/\/www.pinterest.com\/packexpert\/","https:\/\/www.youtube.com\/@packexpert"]}]}},"_links":{"self":[{"href":"https:\/\/cardboard-expert.com\/no\/wp-json\/wp\/v2\/pages\/4821","targetHints":{"allow":["GET"]}}],"collection":[{"href":"https:\/\/cardboard-expert.com\/no\/wp-json\/wp\/v2\/pages"}],"about":[{"href":"https:\/\/cardboard-expert.com\/no\/wp-json\/wp\/v2\/types\/page"}],"author":[{"embeddable":true,"href":"https:\/\/cardboard-expert.com\/no\/wp-json\/wp\/v2\/users\/1"}],"replies":[{"embeddable":true,"href":"https:\/\/cardboard-expert.com\/no\/wp-json\/wp\/v2\/comments?post=4821"}],"version-history":[{"count":11,"href":"https:\/\/cardboard-expert.com\/no\/wp-json\/wp\/v2\/pages\/4821\/revisions"}],"predecessor-version":[{"id":4833,"href":"https:\/\/cardboard-expert.com\/no\/wp-json\/wp\/v2\/pages\/4821\/revisions\/4833"}],"wp:featuredmedia":[{"embeddable":true,"href":"https:\/\/cardboard-expert.com\/no\/wp-json\/wp\/v2\/media\/3509"}],"wp:attachment":[{"href":"https:\/\/cardboard-expert.com\/no\/wp-json\/wp\/v2\/media?parent=4821"}],"curies":[{"name":"wp","href":"https:\/\/api.w.org\/{rel}","templated":true}]}}