{"id":2834,"date":"2024-07-16T15:01:56","date_gmt":"2024-07-16T12:01:56","guid":{"rendered":"https:\/\/cardboard-expert.com\/?page_id=2834"},"modified":"2025-09-15T15:44:13","modified_gmt":"2025-09-15T12:44:13","slug":"kuinka-tilata","status":"publish","type":"page","link":"https:\/\/cardboard-expert.com\/fi\/kuinka-tilata\/","title":{"rendered":"Kuinka tilata"},"content":{"rendered":"\t\t<div data-elementor-type=\"wp-post\" data-elementor-id=\"2834\" class=\"elementor elementor-2834\" data-elementor-post-type=\"page\">\n\t\t\t\t\t\t<section class=\"elementor-section elementor-top-section elementor-element elementor-element-9ddc8f2 elementor-section-boxed elementor-section-height-default elementor-section-height-default\" data-id=\"9ddc8f2\" data-element_type=\"section\" data-e-type=\"section\">\n\t\t\t\t\t\t<div class=\"elementor-container elementor-column-gap-default\">\n\t\t\t\t\t<div class=\"elementor-column elementor-col-100 elementor-top-column elementor-element elementor-element-a5c4b26\" data-id=\"a5c4b26\" data-element_type=\"column\" data-e-type=\"column\">\n\t\t\t<div class=\"elementor-widget-wrap elementor-element-populated\">\n\t\t\t\t\t\t<div class=\"elementor-element elementor-element-477f14f elementor-widget elementor-widget-text-editor\" data-id=\"477f14f\" data-element_type=\"widget\" data-e-type=\"widget\" data-widget_type=\"text-editor.default\">\n\t\t\t\t<div class=\"elementor-widget-container\">\n\t\t\t\t\t\t\t\t\t<p>Asiakkaiden tilausprosessi kartonkipakkauksille sis\u00e4lt\u00e4\u00e4 seuraavat vaiheet:<\/p>\t\t\t\t\t\t\t\t<\/div>\n\t\t\t\t<\/div>\n\t\t\t\t<div class=\"elementor-element elementor-element-a06bfbd elementor-invisible elementor-widget elementor-widget-accordion\" data-id=\"a06bfbd\" data-element_type=\"widget\" data-e-type=\"widget\" data-settings=\"{&quot;_animation&quot;:&quot;fadeIn&quot;}\" data-widget_type=\"accordion.default\">\n\t\t\t\t<div class=\"elementor-widget-container\">\n\t\t\t\t\t\t\t<div class=\"elementor-accordion\">\n\t\t\t\t\t\t\t<div class=\"elementor-accordion-item\">\n\t\t\t\t\t<h3 id=\"elementor-tab-title-1681\" class=\"elementor-tab-title\" data-tab=\"1\" role=\"button\" aria-controls=\"elementor-tab-content-1681\" aria-expanded=\"false\">\n\t\t\t\t\t\t\t\t\t\t\t\t<a class=\"elementor-accordion-title\" tabindex=\"0\">1. Tietojen hankkiminen asiakkaan tarpeista:<\/a>\n\t\t\t\t\t<\/h3>\n\t\t\t\t\t<div id=\"elementor-tab-content-1681\" class=\"elementor-tab-content elementor-clearfix\" data-tab=\"1\" role=\"region\" aria-labelledby=\"elementor-tab-title-1681\">\u2022<strong> Asiakas antaa tietoja nykyisest\u00e4 pakkauksestaan tai kuvaa tarpeitaan uudelle pakkaukselle.<\/strong><\/br>\u2022<strong> Tarvittavat tiedot sis\u00e4lt\u00e4v\u00e4t materiaalit, mitat, muodon, suunnittelun erityispiirteet, kest\u00e4vyysvaatimukset, suunnittelun jne. Pakkauksen valokuvat ovat eritt\u00e4in hy\u00f6dyllisi\u00e4 t\u00e4ss\u00e4 vaiheessa.<\/strong><\/div>\n\t\t\t\t<\/div>\n\t\t\t\t\t\t\t\t<\/div>\n\t\t\t\t\t\t<\/div>\n\t\t\t\t<\/div>\n\t\t\t\t<div class=\"elementor-element elementor-element-bf67dad elementor-invisible elementor-widget elementor-widget-accordion\" data-id=\"bf67dad\" data-element_type=\"widget\" data-e-type=\"widget\" data-settings=\"{&quot;_animation&quot;:&quot;fadeIn&quot;}\" data-widget_type=\"accordion.default\">\n\t\t\t\t<div class=\"elementor-widget-container\">\n\t\t\t\t\t\t\t<div class=\"elementor-accordion\">\n\t\t\t\t\t\t\t<div class=\"elementor-accordion-item\">\n\t\t\t\t\t<h3 id=\"elementor-tab-title-2001\" class=\"elementor-tab-title\" data-tab=\"1\" role=\"button\" aria-controls=\"elementor-tab-content-2001\" aria-expanded=\"false\">\n\t\t\t\t\t\t\t\t\t\t\t\t<a class=\"elementor-accordion-title\" tabindex=\"0\">2. Tekninen ehdotus tai projektin siirt\u00e4minen suunnittelu- ja kustannusosastolle:<\/a>\n\t\t\t\t\t<\/h3>\n\t\t\t\t\t<div id=\"elementor-tab-content-2001\" class=\"elementor-tab-content elementor-clearfix\" data-tab=\"1\" role=\"region\" aria-labelledby=\"elementor-tab-title-2001\"><div class=\"timeline-item-wrapper \"><div class=\"timeline-content\"><ul><li><strong>Asiantuntijamme analysoi asiakkaan tarjoamat tiedot ja ehdottaa useita teknisi\u00e4 ratkaisuja.<\/strong><\/li><li><strong>Tarvittaessa tai projektin monimutkaisuuden vuoksi saatetaan tarvita lis\u00e4tietoja asiakkaalta. T\u00e4ss\u00e4 tapauksessa asiantuntijamme ottaa yhteytt\u00e4 asiakkaaseen.<\/strong><\/li><li><strong>Projekti siirret\u00e4\u00e4n suunnittelu- ja kustannusosastolle tarkkaa laskentaa ja sopivan pakkauksen kehitt\u00e4mist\u00e4 varten.<\/strong><\/li><\/ul><\/div><\/div><\/div>\n\t\t\t\t<\/div>\n\t\t\t\t\t\t\t\t<\/div>\n\t\t\t\t\t\t<\/div>\n\t\t\t\t<\/div>\n\t\t\t\t<div class=\"elementor-element elementor-element-c438e50 elementor-invisible elementor-widget elementor-widget-accordion\" data-id=\"c438e50\" data-element_type=\"widget\" data-e-type=\"widget\" data-settings=\"{&quot;_animation&quot;:&quot;fadeIn&quot;}\" data-widget_type=\"accordion.default\">\n\t\t\t\t<div class=\"elementor-widget-container\">\n\t\t\t\t\t\t\t<div class=\"elementor-accordion\">\n\t\t\t\t\t\t\t<div class=\"elementor-accordion-item\">\n\t\t\t\t\t<h3 id=\"elementor-tab-title-2051\" class=\"elementor-tab-title\" data-tab=\"1\" role=\"button\" aria-controls=\"elementor-tab-content-2051\" aria-expanded=\"false\">\n\t\t\t\t\t\t\t\t\t\t\t\t<a class=\"elementor-accordion-title\" tabindex=\"0\">3. N\u00e4ytteiden ja ehtojen koordinointi asiakkaan kanssa:<\/a>\n\t\t\t\t\t<\/h3>\n\t\t\t\t\t<div id=\"elementor-tab-content-2051\" class=\"elementor-tab-content elementor-clearfix\" data-tab=\"1\" role=\"region\" aria-labelledby=\"elementor-tab-title-2051\"><div class=\"timeline-item\"><div class=\"timeline-item-wrapper \"><div class=\"timeline-content\"><ul><li><strong>Kun asiakas on valinnut ehdotetun ratkaisun, voimme l\u00e4hett\u00e4\u00e4 n\u00e4ytteet materiaalista ja itse pakkauksesta asiakkaan hyv\u00e4ksytt\u00e4v\u00e4ksi ja varmistamiseksi.<\/strong><\/li><li><strong>Asiakkaalla on mahdollisuus arvioida materiaalin laatua, k\u00e4yt\u00f6n helppoutta ja vaatimusten t\u00e4yttymist\u00e4.<\/strong><\/li><li><strong>Jos asiakas on tyytyv\u00e4inen n\u00e4ytteisiin ja tarjottuun hintaan, siirrymme seuraavaan vaiheeseen.<\/strong><\/li><\/ul><\/div><\/div><\/div><\/div>\n\t\t\t\t<\/div>\n\t\t\t\t\t\t\t\t<\/div>\n\t\t\t\t\t\t<\/div>\n\t\t\t\t<\/div>\n\t\t\t\t<div class=\"elementor-element elementor-element-6f1af15 elementor-widget__width-initial elementor-invisible elementor-widget elementor-widget-accordion\" data-id=\"6f1af15\" data-element_type=\"widget\" data-e-type=\"widget\" data-settings=\"{&quot;_animation&quot;:&quot;fadeIn&quot;}\" data-widget_type=\"accordion.default\">\n\t\t\t\t<div class=\"elementor-widget-container\">\n\t\t\t\t\t\t\t<div class=\"elementor-accordion\">\n\t\t\t\t\t\t\t<div class=\"elementor-accordion-item\">\n\t\t\t\t\t<h3 id=\"elementor-tab-title-1161\" class=\"elementor-tab-title\" data-tab=\"1\" role=\"button\" aria-controls=\"elementor-tab-content-1161\" aria-expanded=\"false\">\n\t\t\t\t\t\t\t\t\t\t\t\t<a class=\"elementor-accordion-title\" tabindex=\"0\">4. Tuotantoaikojen ja maksuehtojen koordinointi:<\/a>\n\t\t\t\t\t<\/h3>\n\t\t\t\t\t<div id=\"elementor-tab-content-1161\" class=\"elementor-tab-content elementor-clearfix\" data-tab=\"1\" role=\"region\" aria-labelledby=\"elementor-tab-title-1161\"><ul><li><strong>Keskustelemme asiakkaan kanssa pakkaustuotannon aikarajoista ottaen huomioon tarvittavan m\u00e4\u00e4r\u00e4n ja projektin monimutkaisuuden.<\/strong><\/li><li><strong>Maksuehdot ja muut taloudelliset asiat sovitaan my\u00f6s.<\/strong><\/li><li><strong>Kun tilaus on vastaanotettu ja kaikki ehdot on sovittu asiakkaan kanssa, siirrymme pakkausten tuotantoon.<\/strong><\/li><\/ul><p><strong>Koko tilaamisprosessi on keskittynyt korkealaatuiseen pakkaamiseen, asiakastyytyv\u00e4isyyteen ja tuotannon aikarajoihin.<\/strong><\/p><\/div>\n\t\t\t\t<\/div>\n\t\t\t\t\t\t\t\t<\/div>\n\t\t\t\t\t\t<\/div>\n\t\t\t\t<\/div>\n\t\t\t\t\t<\/div>\n\t\t<\/div>\n\t\t\t\t\t<\/div>\n\t\t<\/section>\n\t\t\t\t<section class=\"elementor-section elementor-top-section elementor-element elementor-element-60a24c5 elementor-section-boxed elementor-section-height-default elementor-section-height-default\" data-id=\"60a24c5\" data-element_type=\"section\" data-e-type=\"section\">\n\t\t\t\t\t\t<div class=\"elementor-container elementor-column-gap-default\">\n\t\t\t\t\t<div class=\"elementor-column elementor-col-33 elementor-top-column elementor-element elementor-element-0d643e7\" data-id=\"0d643e7\" data-element_type=\"column\" data-e-type=\"column\">\n\t\t\t<div class=\"elementor-widget-wrap\">\n\t\t\t\t\t\t\t<\/div>\n\t\t<\/div>\n\t\t\t\t<div class=\"elementor-column elementor-col-33 elementor-top-column elementor-element elementor-element-63526bd\" data-id=\"63526bd\" data-element_type=\"column\" data-e-type=\"column\">\n\t\t\t<div class=\"elementor-widget-wrap elementor-element-populated\">\n\t\t\t\t\t\t<div class=\"elementor-element elementor-element-1ff7f60 elementor-widget elementor-widget-pressmart_contactus\" data-id=\"1ff7f60\" data-element_type=\"widget\" data-e-type=\"widget\" data-widget_type=\"pressmart_contactus.default\">\n\t\t\t\t<div class=\"elementor-widget-container\">\n\t\t\t\t\t<div class=\"pressmart-element pressmart-contact-us shape-square\">\n\t\t<h3> Contact Us <\/h3>\n\t\n<div class=\"wpcf7 no-js\" id=\"wpcf7-f2813-o1\" lang=\"fi\" dir=\"ltr\" data-wpcf7-id=\"2813\">\n<div class=\"screen-reader-response\"><p role=\"status\" aria-live=\"polite\" aria-atomic=\"true\"><\/p> <ul><\/ul><\/div>\n<form action=\"\/fi\/wp-json\/wp\/v2\/pages\/2834#wpcf7-f2813-o1\" method=\"post\" class=\"wpcf7-form init\" aria-label=\"Yhteydenottolomake\" novalidate=\"novalidate\" data-status=\"init\">\n<fieldset class=\"hidden-fields-container\"><input type=\"hidden\" name=\"_wpcf7\" value=\"2813\" \/><input type=\"hidden\" name=\"_wpcf7_version\" value=\"6.1.5\" \/><input type=\"hidden\" name=\"_wpcf7_locale\" value=\"fi\" \/><input type=\"hidden\" name=\"_wpcf7_unit_tag\" value=\"wpcf7-f2813-o1\" \/><input type=\"hidden\" name=\"_wpcf7_container_post\" value=\"0\" \/><input type=\"hidden\" name=\"_wpcf7_posted_data_hash\" value=\"\" \/><input type=\"hidden\" name=\"_wpcf7_recaptcha_response\" value=\"\" \/>\n<\/fieldset>\n<p><label> S\u00e4hk\u00f6postisi<br \/>\n<span class=\"wpcf7-form-control-wrap\" data-name=\"your-email\"><input size=\"40\" maxlength=\"400\" class=\"wpcf7-form-control wpcf7-email wpcf7-validates-as-required wpcf7-text wpcf7-validates-as-email\" autocomplete=\"email\" aria-required=\"true\" aria-invalid=\"false\" value=\"\" type=\"email\" name=\"your-email\" \/><\/span> <\/label>\n<\/p>\n<p><label> Viestisi<br \/>\n<span class=\"wpcf7-form-control-wrap\" data-name=\"your-message\"><textarea cols=\"40\" rows=\"10\" maxlength=\"2000\" class=\"wpcf7-form-control wpcf7-textarea\" aria-invalid=\"false\" name=\"your-message\"><\/textarea><\/span> <\/label>\n<\/p>\n<p><span class=\"wpcf7-form-control-wrap\" data-name=\"acceptance-49\"><span class=\"wpcf7-form-control wpcf7-acceptance\"><span class=\"wpcf7-list-item\"><label><input type=\"checkbox\" name=\"acceptance-49\" value=\"1\" aria-invalid=\"false\" \/><span class=\"wpcf7-list-item-label\">Vahvistan, ett\u00e4 olen lukenut ja hyv\u00e4ksynyt verkkosivuston s\u00e4\u00e4nn\u00f6t.<a href=\"https:\/\/cardboard-expert.com\/en\/privacy-policy\/\" target=\"_blank\">Tietosuojak\u00e4yt\u00e4nt\u00f6<\/a><\/span><\/label><\/span><\/span><\/span>\n<\/p>\n<p><input class=\"wpcf7-form-control wpcf7-submit has-spinner\" type=\"submit\" value=\"L\u00e4het\u00e4\" \/>\n<\/p><div class=\"wpcf7-response-output\" aria-hidden=\"true\"><\/div>\n<\/form>\n<\/div>\n<\/div>\t\t\t\t<\/div>\n\t\t\t\t<\/div>\n\t\t\t\t\t<\/div>\n\t\t<\/div>\n\t\t\t\t<div class=\"elementor-column elementor-col-33 elementor-top-column elementor-element elementor-element-0e18b6a\" data-id=\"0e18b6a\" data-element_type=\"column\" data-e-type=\"column\">\n\t\t\t<div class=\"elementor-widget-wrap\">\n\t\t\t\t\t\t\t<\/div>\n\t\t<\/div>\n\t\t\t\t\t<\/div>\n\t\t<\/section>\n\t\t\t\t<\/div>\n\t\t","protected":false},"excerpt":{"rendered":"<p>Asiakkaiden tilausprosessi kartonkipakkauksille sis\u00e4lt\u00e4\u00e4 seuraavat vaiheet: 1. Tietojen hankkiminen asiakkaan tarpeista: \u2022 Asiakas antaa tietoja nykyisest\u00e4 pakkauksestaan tai kuvaa tarpeitaan uudelle pakkaukselle.\u2022 Tarvittavat tiedot sis\u00e4lt\u00e4v\u00e4t materiaalit, mitat, muodon, suunnittelun erityispiirteet,<\/p>\n","protected":false},"author":1,"featured_media":537,"parent":0,"menu_order":0,"comment_status":"closed","ping_status":"closed","template":"","meta":{"footnotes":""},"class_list":["post-2834","page","type-page","status-publish","has-post-thumbnail","hentry"],"yoast_head":"<!-- This site is optimized with the Yoast SEO plugin v27.3 - https:\/\/yoast.com\/product\/yoast-seo-wordpress\/ -->\n<title>Kuinka tilata - cardboard-expert.com<\/title>\n<meta name=\"description\" content=\"Asiakkaiden tilausprosessi kartonkipakkauksille sis\u00e4lt\u00e4\u00e4 seuraavat vaiheet:\" \/>\n<meta name=\"robots\" content=\"noindex, follow, max-snippet:-1, max-image-preview:large, max-video-preview:-1\" \/>\n<meta property=\"og:locale\" content=\"fi_FI\" \/>\n<meta property=\"og:type\" content=\"article\" \/>\n<meta property=\"og:title\" content=\"Kuinka tilata - cardboard-expert.com\" \/>\n<meta property=\"og:description\" content=\"Asiakkaiden tilausprosessi kartonkipakkauksille sis\u00e4lt\u00e4\u00e4 seuraavat vaiheet:\" \/>\n<meta property=\"og:url\" content=\"https:\/\/cardboard-expert.com\/fi\/kuinka-tilata\/\" \/>\n<meta property=\"og:site_name\" content=\"cardboard-expert.com\" \/>\n<meta property=\"article:publisher\" content=\"https:\/\/www.facebook.com\/packexpertou\" \/>\n<meta property=\"article:modified_time\" content=\"2025-09-15T12:44:13+00:00\" \/>\n<meta property=\"og:image\" content=\"https:\/\/cardboard-expert.com\/wp-content\/uploads\/2023\/06\/favicon.webp\" \/>\n\t<meta property=\"og:image:width\" content=\"512\" \/>\n\t<meta property=\"og:image:height\" content=\"512\" \/>\n\t<meta property=\"og:image:type\" content=\"image\/webp\" \/>\n<meta name=\"twitter:card\" content=\"summary_large_image\" \/>\n<meta name=\"twitter:label1\" content=\"Arvioitu lukuaika\" \/>\n\t<meta name=\"twitter:data1\" content=\"2 minuuttia\" \/>\n<script type=\"application\/ld+json\" class=\"yoast-schema-graph\">{\"@context\":\"https:\\\/\\\/schema.org\",\"@graph\":[{\"@type\":\"WebPage\",\"@id\":\"https:\\\/\\\/cardboard-expert.com\\\/fi\\\/kuinka-tilata\\\/\",\"url\":\"https:\\\/\\\/cardboard-expert.com\\\/fi\\\/kuinka-tilata\\\/\",\"name\":\"Kuinka tilata - cardboard-expert.com\",\"isPartOf\":{\"@id\":\"https:\\\/\\\/cardboard-expert.com\\\/fi\\\/#website\"},\"primaryImageOfPage\":{\"@id\":\"https:\\\/\\\/cardboard-expert.com\\\/fi\\\/kuinka-tilata\\\/#primaryimage\"},\"image\":{\"@id\":\"https:\\\/\\\/cardboard-expert.com\\\/fi\\\/kuinka-tilata\\\/#primaryimage\"},\"thumbnailUrl\":\"https:\\\/\\\/cardboard-expert.com\\\/wp-content\\\/uploads\\\/2023\\\/06\\\/favicon.webp\",\"datePublished\":\"2024-07-16T12:01:56+00:00\",\"dateModified\":\"2025-09-15T12:44:13+00:00\",\"description\":\"Asiakkaiden tilausprosessi kartonkipakkauksille sis\u00e4lt\u00e4\u00e4 seuraavat vaiheet:\",\"breadcrumb\":{\"@id\":\"https:\\\/\\\/cardboard-expert.com\\\/fi\\\/kuinka-tilata\\\/#breadcrumb\"},\"inLanguage\":\"fi\",\"potentialAction\":[{\"@type\":\"ReadAction\",\"target\":[\"https:\\\/\\\/cardboard-expert.com\\\/fi\\\/kuinka-tilata\\\/\"]}]},{\"@type\":\"ImageObject\",\"inLanguage\":\"fi\",\"@id\":\"https:\\\/\\\/cardboard-expert.com\\\/fi\\\/kuinka-tilata\\\/#primaryimage\",\"url\":\"https:\\\/\\\/cardboard-expert.com\\\/wp-content\\\/uploads\\\/2023\\\/06\\\/favicon.webp\",\"contentUrl\":\"https:\\\/\\\/cardboard-expert.com\\\/wp-content\\\/uploads\\\/2023\\\/06\\\/favicon.webp\",\"width\":512,\"height\":512,\"caption\":\"favicon\"},{\"@type\":\"BreadcrumbList\",\"@id\":\"https:\\\/\\\/cardboard-expert.com\\\/fi\\\/kuinka-tilata\\\/#breadcrumb\",\"itemListElement\":[{\"@type\":\"ListItem\",\"position\":1,\"name\":\"Etusivu\",\"item\":\"https:\\\/\\\/cardboard-expert.com\\\/fi\\\/\"},{\"@type\":\"ListItem\",\"position\":2,\"name\":\"Kuinka tilata\"}]},{\"@type\":\"WebSite\",\"@id\":\"https:\\\/\\\/cardboard-expert.com\\\/fi\\\/#website\",\"url\":\"https:\\\/\\\/cardboard-expert.com\\\/fi\\\/\",\"name\":\"cardboard-expert.com\",\"description\":\"\",\"publisher\":{\"@id\":\"https:\\\/\\\/cardboard-expert.com\\\/fi\\\/#organization\"},\"potentialAction\":[{\"@type\":\"SearchAction\",\"target\":{\"@type\":\"EntryPoint\",\"urlTemplate\":\"https:\\\/\\\/cardboard-expert.com\\\/fi\\\/?s={search_term_string}\"},\"query-input\":{\"@type\":\"PropertyValueSpecification\",\"valueRequired\":true,\"valueName\":\"search_term_string\"}}],\"inLanguage\":\"fi\"},{\"@type\":\"Organization\",\"@id\":\"https:\\\/\\\/cardboard-expert.com\\\/fi\\\/#organization\",\"name\":\"cardboard-expert.com\",\"url\":\"https:\\\/\\\/cardboard-expert.com\\\/fi\\\/\",\"logo\":{\"@type\":\"ImageObject\",\"inLanguage\":\"fi\",\"@id\":\"https:\\\/\\\/cardboard-expert.com\\\/fi\\\/#\\\/schema\\\/logo\\\/image\\\/\",\"url\":\"https:\\\/\\\/cardboard-expert.com\\\/wp-content\\\/uploads\\\/2023\\\/06\\\/logo_white.webp\",\"contentUrl\":\"https:\\\/\\\/cardboard-expert.com\\\/wp-content\\\/uploads\\\/2023\\\/06\\\/logo_white.webp\",\"width\":2000,\"height\":550,\"caption\":\"cardboard-expert.com\"},\"image\":{\"@id\":\"https:\\\/\\\/cardboard-expert.com\\\/fi\\\/#\\\/schema\\\/logo\\\/image\\\/\"},\"sameAs\":[\"https:\\\/\\\/www.facebook.com\\\/packexpertou\",\"https:\\\/\\\/www.instagram.com\\\/packexpertoufiliale\\\/\",\"https:\\\/\\\/www.linkedin.com\\\/company\\\/pack-expert-ou\\\/\",\"https:\\\/\\\/www.pinterest.com\\\/packexpert\\\/\",\"https:\\\/\\\/www.youtube.com\\\/@packexpert\"]}]}<\/script>\n<!-- \/ Yoast SEO plugin. -->","yoast_head_json":{"title":"Kuinka tilata - cardboard-expert.com","description":"Asiakkaiden tilausprosessi kartonkipakkauksille sis\u00e4lt\u00e4\u00e4 seuraavat vaiheet:","robots":{"index":"noindex","follow":"follow","max-snippet":"max-snippet:-1","max-image-preview":"max-image-preview:large","max-video-preview":"max-video-preview:-1"},"og_locale":"fi_FI","og_type":"article","og_title":"Kuinka tilata - cardboard-expert.com","og_description":"Asiakkaiden tilausprosessi kartonkipakkauksille sis\u00e4lt\u00e4\u00e4 seuraavat vaiheet:","og_url":"https:\/\/cardboard-expert.com\/fi\/kuinka-tilata\/","og_site_name":"cardboard-expert.com","article_publisher":"https:\/\/www.facebook.com\/packexpertou","article_modified_time":"2025-09-15T12:44:13+00:00","og_image":[{"width":512,"height":512,"url":"https:\/\/cardboard-expert.com\/wp-content\/uploads\/2023\/06\/favicon.webp","type":"image\/webp"}],"twitter_card":"summary_large_image","twitter_misc":{"Arvioitu lukuaika":"2 minuuttia"},"schema":{"@context":"https:\/\/schema.org","@graph":[{"@type":"WebPage","@id":"https:\/\/cardboard-expert.com\/fi\/kuinka-tilata\/","url":"https:\/\/cardboard-expert.com\/fi\/kuinka-tilata\/","name":"Kuinka tilata - cardboard-expert.com","isPartOf":{"@id":"https:\/\/cardboard-expert.com\/fi\/#website"},"primaryImageOfPage":{"@id":"https:\/\/cardboard-expert.com\/fi\/kuinka-tilata\/#primaryimage"},"image":{"@id":"https:\/\/cardboard-expert.com\/fi\/kuinka-tilata\/#primaryimage"},"thumbnailUrl":"https:\/\/cardboard-expert.com\/wp-content\/uploads\/2023\/06\/favicon.webp","datePublished":"2024-07-16T12:01:56+00:00","dateModified":"2025-09-15T12:44:13+00:00","description":"Asiakkaiden tilausprosessi kartonkipakkauksille sis\u00e4lt\u00e4\u00e4 seuraavat vaiheet:","breadcrumb":{"@id":"https:\/\/cardboard-expert.com\/fi\/kuinka-tilata\/#breadcrumb"},"inLanguage":"fi","potentialAction":[{"@type":"ReadAction","target":["https:\/\/cardboard-expert.com\/fi\/kuinka-tilata\/"]}]},{"@type":"ImageObject","inLanguage":"fi","@id":"https:\/\/cardboard-expert.com\/fi\/kuinka-tilata\/#primaryimage","url":"https:\/\/cardboard-expert.com\/wp-content\/uploads\/2023\/06\/favicon.webp","contentUrl":"https:\/\/cardboard-expert.com\/wp-content\/uploads\/2023\/06\/favicon.webp","width":512,"height":512,"caption":"favicon"},{"@type":"BreadcrumbList","@id":"https:\/\/cardboard-expert.com\/fi\/kuinka-tilata\/#breadcrumb","itemListElement":[{"@type":"ListItem","position":1,"name":"Etusivu","item":"https:\/\/cardboard-expert.com\/fi\/"},{"@type":"ListItem","position":2,"name":"Kuinka tilata"}]},{"@type":"WebSite","@id":"https:\/\/cardboard-expert.com\/fi\/#website","url":"https:\/\/cardboard-expert.com\/fi\/","name":"cardboard-expert.com","description":"","publisher":{"@id":"https:\/\/cardboard-expert.com\/fi\/#organization"},"potentialAction":[{"@type":"SearchAction","target":{"@type":"EntryPoint","urlTemplate":"https:\/\/cardboard-expert.com\/fi\/?s={search_term_string}"},"query-input":{"@type":"PropertyValueSpecification","valueRequired":true,"valueName":"search_term_string"}}],"inLanguage":"fi"},{"@type":"Organization","@id":"https:\/\/cardboard-expert.com\/fi\/#organization","name":"cardboard-expert.com","url":"https:\/\/cardboard-expert.com\/fi\/","logo":{"@type":"ImageObject","inLanguage":"fi","@id":"https:\/\/cardboard-expert.com\/fi\/#\/schema\/logo\/image\/","url":"https:\/\/cardboard-expert.com\/wp-content\/uploads\/2023\/06\/logo_white.webp","contentUrl":"https:\/\/cardboard-expert.com\/wp-content\/uploads\/2023\/06\/logo_white.webp","width":2000,"height":550,"caption":"cardboard-expert.com"},"image":{"@id":"https:\/\/cardboard-expert.com\/fi\/#\/schema\/logo\/image\/"},"sameAs":["https:\/\/www.facebook.com\/packexpertou","https:\/\/www.instagram.com\/packexpertoufiliale\/","https:\/\/www.linkedin.com\/company\/pack-expert-ou\/","https:\/\/www.pinterest.com\/packexpert\/","https:\/\/www.youtube.com\/@packexpert"]}]}},"_links":{"self":[{"href":"https:\/\/cardboard-expert.com\/fi\/wp-json\/wp\/v2\/pages\/2834","targetHints":{"allow":["GET"]}}],"collection":[{"href":"https:\/\/cardboard-expert.com\/fi\/wp-json\/wp\/v2\/pages"}],"about":[{"href":"https:\/\/cardboard-expert.com\/fi\/wp-json\/wp\/v2\/types\/page"}],"author":[{"embeddable":true,"href":"https:\/\/cardboard-expert.com\/fi\/wp-json\/wp\/v2\/users\/1"}],"replies":[{"embeddable":true,"href":"https:\/\/cardboard-expert.com\/fi\/wp-json\/wp\/v2\/comments?post=2834"}],"version-history":[{"count":16,"href":"https:\/\/cardboard-expert.com\/fi\/wp-json\/wp\/v2\/pages\/2834\/revisions"}],"predecessor-version":[{"id":4819,"href":"https:\/\/cardboard-expert.com\/fi\/wp-json\/wp\/v2\/pages\/2834\/revisions\/4819"}],"wp:featuredmedia":[{"embeddable":true,"href":"https:\/\/cardboard-expert.com\/fi\/wp-json\/wp\/v2\/media\/537"}],"wp:attachment":[{"href":"https:\/\/cardboard-expert.com\/fi\/wp-json\/wp\/v2\/media?parent=2834"}],"curies":[{"name":"wp","href":"https:\/\/api.w.org\/{rel}","templated":true}]}}